{"id":2204,"date":"2024-04-18T13:43:34","date_gmt":"2024-04-18T11:43:34","guid":{"rendered":"https:\/\/cynthialeveneur.com\/?page_id=2204"},"modified":"2024-06-28T14:15:26","modified_gmt":"2024-06-28T12:15:26","slug":"mentions-legales","status":"publish","type":"page","link":"https:\/\/cynthialeveneur.com\/index.php\/mentions-legales\/","title":{"rendered":"Mentions l\u00e9gales"},"content":{"rendered":"\n<h3 class=\"wp-block-heading\">Mentions L\u00e9gales<\/h3>\n\n\n\n<p><strong>\u00c9diteur du site :<\/strong><\/p>\n\n\n\n<p>Le site&nbsp;<a href=\"https:\/\/cynthialeveneur.com\/\">https:\/\/cynthialeveneur.com\/<\/a>&nbsp;est \u00e9dit\u00e9 par :<\/p>\n\n\n\n<p><strong>Nom de l&rsquo;\u00c9diteur :<\/strong>\u00a0Cynthia Leveneur<br><strong>Adresse :<\/strong>\u00a0Enghien-les-Bains<br><strong>T\u00e9l\u00e9phone :<\/strong>\u00a00690982854<br><strong>Email :<\/strong>\u00a0cy.leveneur@gmail.com<\/p>\n\n\n\n<p><strong>H\u00e9bergement :<\/strong><\/p>\n\n\n\n<p>Le site&nbsp;<a href=\"https:\/\/cynthialeveneur.com\/\">https:\/\/cynthialeveneur.com\/<\/a>&nbsp;est h\u00e9berg\u00e9 par :<\/p>\n\n\n\n<p><strong>Nom de l&rsquo;h\u00e9bergeur :<\/strong> Hostinger<br><strong>Site web :<\/strong>\u00a0https:\/\/www.hostinger.fr\/<\/p>\n\n\n\n<p><strong>Propri\u00e9t\u00e9 intellectuelle :<\/strong><\/p>\n\n\n\n<p>Le contenu du site&nbsp;<a href=\"https:\/\/cynthialeveneur.com\/\">https:\/\/cynthialeveneur.com\/<\/a>&nbsp;(textes, images, vid\u00e9os, etc.) est la propri\u00e9t\u00e9 exclusive de Cynthia Leveneur, sauf mention contraire. Toute reproduction, distribution, modification, adaptation, retransmission ou publication, m\u00eame partielle, de ces diff\u00e9rents \u00e9l\u00e9ments est strictement interdite sans l&rsquo;accord expr\u00e8s par \u00e9crit de Cynthia Leveneur.<\/p>\n\n\n\n<p><strong>Protection des donn\u00e9es personnelles :<\/strong><\/p>\n\n\n\n<p>Conform\u00e9ment \u00e0 la loi Informatique et Libert\u00e9s du 6 janvier 1978 modifi\u00e9e, et au R\u00e8glement G\u00e9n\u00e9ral sur la Protection des Donn\u00e9es (RGPD) du 27 avril 2016, vous disposez d&rsquo;un droit d&rsquo;acc\u00e8s, de rectification, de suppression et d&rsquo;opposition concernant vos donn\u00e9es personnelles. Pour exercer ce droit, vous pouvez nous contacter \u00e0 l&rsquo;adresse suivante : cy.leveneur@gmail.com.<\/p>\n\n\n\n<p><strong>Responsabilit\u00e9 :<\/strong><\/p>\n\n\n\n<p>Cynthia Leveneur s\u2019efforce d\u2019assurer au mieux de ses possibilit\u00e9s, l\u2019exactitude et la mise \u00e0 jour des informations diffus\u00e9es sur le site. <\/p>\n\n\n\n<p><strong>Liens hypertextes :<\/strong><\/p>\n\n\n\n<p>Le site&nbsp;<a href=\"https:\/\/cynthialeveneur.com\/\">https:\/\/cynthialeveneur.com\/<\/a>&nbsp;peut contenir des liens hypertextes vers d\u2019autres sites. Cynthia Leveneur ne peut \u00eatre tenue responsable du contenu de ces sites et des dommages pouvant r\u00e9sulter de leur utilisation.<\/p>\n\n\n\n<p><strong>Cookies :<\/strong><\/p>\n\n\n\n<p>Le site&nbsp;<a href=\"https:\/\/cynthialeveneur.com\/\">https:\/\/cynthialeveneur.com\/<\/a>&nbsp;utilise des cookies pour am\u00e9liorer l&rsquo;exp\u00e9rience utilisateur et r\u00e9aliser des statistiques de visites. En continuant \u00e0 naviguer sur ce site, vous acceptez l&rsquo;utilisation de cookies. Vous pouvez d\u00e9sactiver les cookies en configurant les param\u00e8tres de votre navigateur.<\/p>\n\n\n\n<p><strong>Modification des mentions l\u00e9gales :<\/strong><\/p>\n\n\n\n<p>Cynthia Leveneur se r\u00e9serve le droit de modifier les pr\u00e9sentes mentions l\u00e9gales \u00e0 tout moment. L&rsquo;utilisateur s&rsquo;engage donc \u00e0 les consulter r\u00e9guli\u00e8rement.<\/p>\n\n\n\n<p><strong>Contact :<\/strong><\/p>\n\n\n\n<p>Pour toute question ou demande d&rsquo;information concernant le site\u00a0<a href=\"https:\/\/cynthialeveneur.com\/\">https:\/\/cynthialeveneur.com\/<\/a>, vous pouvez nous contacter par email \u00e0 l&rsquo;adresse suivante : cy.leveneur@gmail.com.<\/p>\n","protected":false},"excerpt":{"rendered":"<p>Mentions L\u00e9gales \u00c9diteur du site : Le site&nbsp;https:\/\/cynthialeveneur.com\/&nbsp;est \u00e9dit\u00e9 par : Nom de l&rsquo;\u00c9diteur :\u00a0Cynthia LeveneurAdresse :\u00a0Enghien-les-BainsT\u00e9l\u00e9phone :\u00a00690982854Email :\u00a0cy.leveneur@gmail.com H\u00e9bergement : Le site&nbsp;https:\/\/cynthialeveneur.com\/&nbsp;est h\u00e9berg\u00e9 par : Nom de l&rsquo;h\u00e9bergeur : HostingerSite web :\u00a0https:\/\/www.hostinger.fr\/ Propri\u00e9t\u00e9 intellectuelle : Le contenu du site&nbsp;https:\/\/cynthialeveneur.com\/&nbsp;(textes, images, vid\u00e9os, etc.) est la propri\u00e9t\u00e9 exclusive de Cynthia Leveneur, sauf mention contraire. Toute reproduction, distribution, modification, adaptation, retransmission ou publication, m\u00eame partielle, de ces diff\u00e9rents \u00e9l\u00e9ments est strictement interdite sans l&rsquo;accord expr\u00e8s par \u00e9crit de Cynthia Leveneur. Protection des donn\u00e9es personnelles : Conform\u00e9ment \u00e0 la loi Informatique et Libert\u00e9s du 6 janvier 1978 modifi\u00e9e, et au R\u00e8glement G\u00e9n\u00e9ral sur la Protection des Donn\u00e9es (RGPD) du 27 avril 2016, vous disposez d&rsquo;un droit d&rsquo;acc\u00e8s, de rectification, de suppression et d&rsquo;opposition concernant vos donn\u00e9es personnelles. Pour exercer ce droit, vous pouvez nous contacter \u00e0 l&rsquo;adresse suivante : cy.leveneur@gmail.com. Responsabilit\u00e9 : Cynthia Leveneur s\u2019efforce d\u2019assurer au mieux de ses possibilit\u00e9s, l\u2019exactitude et la mise \u00e0 jour des informations diffus\u00e9es sur le site. Liens hypertextes : Le site&nbsp;https:\/\/cynthialeveneur.com\/&nbsp;peut contenir des liens hypertextes vers d\u2019autres sites. Cynthia Leveneur ne peut \u00eatre tenue responsable du contenu de ces sites et des dommages pouvant r\u00e9sulter de leur utilisation. Cookies : Le site&nbsp;https:\/\/cynthialeveneur.com\/&nbsp;utilise des cookies pour am\u00e9liorer l&rsquo;exp\u00e9rience utilisateur et r\u00e9aliser des statistiques de visites. En continuant \u00e0 naviguer sur ce site, vous acceptez l&rsquo;utilisation de cookies. Vous pouvez d\u00e9sactiver les cookies en configurant les param\u00e8tres de votre navigateur. Modification des mentions l\u00e9gales : Cynthia Leveneur se r\u00e9serve le droit de modifier les pr\u00e9sentes mentions l\u00e9gales \u00e0 tout moment. L&rsquo;utilisateur s&rsquo;engage donc \u00e0 les consulter r\u00e9guli\u00e8rement. Contact : Pour toute question ou demande d&rsquo;information concernant le site\u00a0https:\/\/cynthialeveneur.com\/, vous pouvez nous contacter par email \u00e0 l&rsquo;adresse suivante : cy.leveneur@gmail.com.<\/p>\n","protected":false},"author":1,"featured_media":0,"parent":0,"menu_order":40,"comment_status":"closed","ping_status":"closed","template":"","meta":{"_vp_format_video_url":"","_vp_image_focal_point":[],"footnotes":""},"class_list":["post-2204","page","type-page","status-publish","hentry"],"yoast_head":"<!-- This site is optimized with the Yoast SEO plugin v24.8.1 - https:\/\/yoast.com\/wordpress\/plugins\/seo\/ -->\n<title>Mentions l\u00e9gales &#8226; cynthialeveneur.com<\/title>\n<meta name=\"robots\" content=\"noindex, follow\" \/>\n<meta property=\"og:locale\" content=\"fr_FR\" \/>\n<meta property=\"og:type\" content=\"article\" \/>\n<meta property=\"og:title\" content=\"Mentions l\u00e9gales &#8226; cynthialeveneur.com\" \/>\n<meta property=\"og:description\" content=\"Mentions L\u00e9gales \u00c9diteur du site : Le site&nbsp;https:\/\/cynthialeveneur.com\/&nbsp;est \u00e9dit\u00e9 par : Nom de l&rsquo;\u00c9diteur :\u00a0Cynthia LeveneurAdresse :\u00a0Enghien-les-BainsT\u00e9l\u00e9phone :\u00a00690982854Email :\u00a0cy.leveneur@gmail.com H\u00e9bergement : Le site&nbsp;https:\/\/cynthialeveneur.com\/&nbsp;est h\u00e9berg\u00e9 par : Nom de l&rsquo;h\u00e9bergeur : HostingerSite web :\u00a0https:\/\/www.hostinger.fr\/ Propri\u00e9t\u00e9 intellectuelle : Le contenu du site&nbsp;https:\/\/cynthialeveneur.com\/&nbsp;(textes, images, vid\u00e9os, etc.) est la propri\u00e9t\u00e9 exclusive de Cynthia Leveneur, sauf mention contraire. Toute reproduction, distribution, modification, adaptation, retransmission ou publication, m\u00eame partielle, de ces diff\u00e9rents \u00e9l\u00e9ments est strictement interdite sans l&rsquo;accord expr\u00e8s par \u00e9crit de Cynthia Leveneur. Protection des donn\u00e9es personnelles : Conform\u00e9ment \u00e0 la loi Informatique et Libert\u00e9s du 6 janvier 1978 modifi\u00e9e, et au R\u00e8glement G\u00e9n\u00e9ral sur la Protection des Donn\u00e9es (RGPD) du 27 avril 2016, vous disposez d&rsquo;un droit d&rsquo;acc\u00e8s, de rectification, de suppression et d&rsquo;opposition concernant vos donn\u00e9es personnelles. Pour exercer ce droit, vous pouvez nous contacter \u00e0 l&rsquo;adresse suivante : cy.leveneur@gmail.com. Responsabilit\u00e9 : Cynthia Leveneur s\u2019efforce d\u2019assurer au mieux de ses possibilit\u00e9s, l\u2019exactitude et la mise \u00e0 jour des informations diffus\u00e9es sur le site. Liens hypertextes : Le site&nbsp;https:\/\/cynthialeveneur.com\/&nbsp;peut contenir des liens hypertextes vers d\u2019autres sites. Cynthia Leveneur ne peut \u00eatre tenue responsable du contenu de ces sites et des dommages pouvant r\u00e9sulter de leur utilisation. Cookies : Le site&nbsp;https:\/\/cynthialeveneur.com\/&nbsp;utilise des cookies pour am\u00e9liorer l&rsquo;exp\u00e9rience utilisateur et r\u00e9aliser des statistiques de visites. En continuant \u00e0 naviguer sur ce site, vous acceptez l&rsquo;utilisation de cookies. Vous pouvez d\u00e9sactiver les cookies en configurant les param\u00e8tres de votre navigateur. Modification des mentions l\u00e9gales : Cynthia Leveneur se r\u00e9serve le droit de modifier les pr\u00e9sentes mentions l\u00e9gales \u00e0 tout moment. L&rsquo;utilisateur s&rsquo;engage donc \u00e0 les consulter r\u00e9guli\u00e8rement. Contact : Pour toute question ou demande d&rsquo;information concernant le site\u00a0https:\/\/cynthialeveneur.com\/, vous pouvez nous contacter par email \u00e0 l&rsquo;adresse suivante : cy.leveneur@gmail.com.\" \/>\n<meta property=\"og:url\" content=\"https:\/\/cynthialeveneur.com\/index.php\/mentions-legales\/\" \/>\n<meta property=\"og:site_name\" content=\"cynthialeveneur.com\" \/>\n<meta property=\"article:modified_time\" content=\"2024-06-28T12:15:26+00:00\" \/>\n<meta name=\"twitter:card\" content=\"summary_large_image\" \/>\n<meta name=\"twitter:label1\" content=\"Dur\u00e9e de lecture estim\u00e9e\" \/>\n\t<meta name=\"twitter:data1\" content=\"2 minutes\" \/>\n<script type=\"application\/ld+json\" class=\"yoast-schema-graph\">{\"@context\":\"https:\/\/schema.org\",\"@graph\":[{\"@type\":\"WebPage\",\"@id\":\"https:\/\/cynthialeveneur.com\/index.php\/mentions-legales\/\",\"url\":\"https:\/\/cynthialeveneur.com\/index.php\/mentions-legales\/\",\"name\":\"Mentions l\u00e9gales &#8226; cynthialeveneur.com\",\"isPartOf\":{\"@id\":\"https:\/\/cynthialeveneur.com\/#website\"},\"datePublished\":\"2024-04-18T11:43:34+00:00\",\"dateModified\":\"2024-06-28T12:15:26+00:00\",\"breadcrumb\":{\"@id\":\"https:\/\/cynthialeveneur.com\/index.php\/mentions-legales\/#breadcrumb\"},\"inLanguage\":\"fr-FR\",\"potentialAction\":[{\"@type\":\"ReadAction\",\"target\":[\"https:\/\/cynthialeveneur.com\/index.php\/mentions-legales\/\"]}]},{\"@type\":\"BreadcrumbList\",\"@id\":\"https:\/\/cynthialeveneur.com\/index.php\/mentions-legales\/#breadcrumb\",\"itemListElement\":[{\"@type\":\"ListItem\",\"position\":1,\"name\":\"Accueil\",\"item\":\"https:\/\/cynthialeveneur.com\/\"},{\"@type\":\"ListItem\",\"position\":2,\"name\":\"Mentions l\u00e9gales\"}]},{\"@type\":\"WebSite\",\"@id\":\"https:\/\/cynthialeveneur.com\/#website\",\"url\":\"https:\/\/cynthialeveneur.com\/\",\"name\":\"cynthialeveneur.com\",\"description\":\"\",\"publisher\":{\"@id\":\"https:\/\/cynthialeveneur.com\/#\/schema\/person\/2ef73bd530b005066323d2ce6896a716\"},\"potentialAction\":[{\"@type\":\"SearchAction\",\"target\":{\"@type\":\"EntryPoint\",\"urlTemplate\":\"https:\/\/cynthialeveneur.com\/?s={search_term_string}\"},\"query-input\":{\"@type\":\"PropertyValueSpecification\",\"valueRequired\":true,\"valueName\":\"search_term_string\"}}],\"inLanguage\":\"fr-FR\"},{\"@type\":[\"Person\",\"Organization\"],\"@id\":\"https:\/\/cynthialeveneur.com\/#\/schema\/person\/2ef73bd530b005066323d2ce6896a716\",\"name\":\"cynthialeveneur.com\",\"image\":{\"@type\":\"ImageObject\",\"inLanguage\":\"fr-FR\",\"@id\":\"https:\/\/cynthialeveneur.com\/#\/schema\/person\/image\/\",\"url\":\"https:\/\/cynthialeveneur.com\/wp-content\/uploads\/2024\/03\/CL-NEW-LOGO-12.png\",\"contentUrl\":\"https:\/\/cynthialeveneur.com\/wp-content\/uploads\/2024\/03\/CL-NEW-LOGO-12.png\",\"width\":461,\"height\":223,\"caption\":\"cynthialeveneur.com\"},\"logo\":{\"@id\":\"https:\/\/cynthialeveneur.com\/#\/schema\/person\/image\/\"},\"sameAs\":[\"http:\/\/cynthialeveneur.com\"]}]}<\/script>\n<!-- \/ Yoast SEO plugin. -->","yoast_head_json":{"title":"Mentions l\u00e9gales &#8226; cynthialeveneur.com","robots":{"index":"noindex","follow":"follow"},"og_locale":"fr_FR","og_type":"article","og_title":"Mentions l\u00e9gales &#8226; cynthialeveneur.com","og_description":"Mentions L\u00e9gales \u00c9diteur du site : Le site&nbsp;https:\/\/cynthialeveneur.com\/&nbsp;est \u00e9dit\u00e9 par : Nom de l&rsquo;\u00c9diteur :\u00a0Cynthia LeveneurAdresse :\u00a0Enghien-les-BainsT\u00e9l\u00e9phone :\u00a00690982854Email :\u00a0cy.leveneur@gmail.com H\u00e9bergement : Le site&nbsp;https:\/\/cynthialeveneur.com\/&nbsp;est h\u00e9berg\u00e9 par : Nom de l&rsquo;h\u00e9bergeur : HostingerSite web :\u00a0https:\/\/www.hostinger.fr\/ Propri\u00e9t\u00e9 intellectuelle : Le contenu du site&nbsp;https:\/\/cynthialeveneur.com\/&nbsp;(textes, images, vid\u00e9os, etc.) est la propri\u00e9t\u00e9 exclusive de Cynthia Leveneur, sauf mention contraire. Toute reproduction, distribution, modification, adaptation, retransmission ou publication, m\u00eame partielle, de ces diff\u00e9rents \u00e9l\u00e9ments est strictement interdite sans l&rsquo;accord expr\u00e8s par \u00e9crit de Cynthia Leveneur. Protection des donn\u00e9es personnelles : Conform\u00e9ment \u00e0 la loi Informatique et Libert\u00e9s du 6 janvier 1978 modifi\u00e9e, et au R\u00e8glement G\u00e9n\u00e9ral sur la Protection des Donn\u00e9es (RGPD) du 27 avril 2016, vous disposez d&rsquo;un droit d&rsquo;acc\u00e8s, de rectification, de suppression et d&rsquo;opposition concernant vos donn\u00e9es personnelles. Pour exercer ce droit, vous pouvez nous contacter \u00e0 l&rsquo;adresse suivante : cy.leveneur@gmail.com. Responsabilit\u00e9 : Cynthia Leveneur s\u2019efforce d\u2019assurer au mieux de ses possibilit\u00e9s, l\u2019exactitude et la mise \u00e0 jour des informations diffus\u00e9es sur le site. Liens hypertextes : Le site&nbsp;https:\/\/cynthialeveneur.com\/&nbsp;peut contenir des liens hypertextes vers d\u2019autres sites. Cynthia Leveneur ne peut \u00eatre tenue responsable du contenu de ces sites et des dommages pouvant r\u00e9sulter de leur utilisation. Cookies : Le site&nbsp;https:\/\/cynthialeveneur.com\/&nbsp;utilise des cookies pour am\u00e9liorer l&rsquo;exp\u00e9rience utilisateur et r\u00e9aliser des statistiques de visites. En continuant \u00e0 naviguer sur ce site, vous acceptez l&rsquo;utilisation de cookies. Vous pouvez d\u00e9sactiver les cookies en configurant les param\u00e8tres de votre navigateur. Modification des mentions l\u00e9gales : Cynthia Leveneur se r\u00e9serve le droit de modifier les pr\u00e9sentes mentions l\u00e9gales \u00e0 tout moment. L&rsquo;utilisateur s&rsquo;engage donc \u00e0 les consulter r\u00e9guli\u00e8rement. Contact : Pour toute question ou demande d&rsquo;information concernant le site\u00a0https:\/\/cynthialeveneur.com\/, vous pouvez nous contacter par email \u00e0 l&rsquo;adresse suivante : cy.leveneur@gmail.com.","og_url":"https:\/\/cynthialeveneur.com\/index.php\/mentions-legales\/","og_site_name":"cynthialeveneur.com","article_modified_time":"2024-06-28T12:15:26+00:00","twitter_card":"summary_large_image","twitter_misc":{"Dur\u00e9e de lecture estim\u00e9e":"2 minutes"},"schema":{"@context":"https:\/\/schema.org","@graph":[{"@type":"WebPage","@id":"https:\/\/cynthialeveneur.com\/index.php\/mentions-legales\/","url":"https:\/\/cynthialeveneur.com\/index.php\/mentions-legales\/","name":"Mentions l\u00e9gales &#8226; cynthialeveneur.com","isPartOf":{"@id":"https:\/\/cynthialeveneur.com\/#website"},"datePublished":"2024-04-18T11:43:34+00:00","dateModified":"2024-06-28T12:15:26+00:00","breadcrumb":{"@id":"https:\/\/cynthialeveneur.com\/index.php\/mentions-legales\/#breadcrumb"},"inLanguage":"fr-FR","potentialAction":[{"@type":"ReadAction","target":["https:\/\/cynthialeveneur.com\/index.php\/mentions-legales\/"]}]},{"@type":"BreadcrumbList","@id":"https:\/\/cynthialeveneur.com\/index.php\/mentions-legales\/#breadcrumb","itemListElement":[{"@type":"ListItem","position":1,"name":"Accueil","item":"https:\/\/cynthialeveneur.com\/"},{"@type":"ListItem","position":2,"name":"Mentions l\u00e9gales"}]},{"@type":"WebSite","@id":"https:\/\/cynthialeveneur.com\/#website","url":"https:\/\/cynthialeveneur.com\/","name":"cynthialeveneur.com","description":"","publisher":{"@id":"https:\/\/cynthialeveneur.com\/#\/schema\/person\/2ef73bd530b005066323d2ce6896a716"},"potentialAction":[{"@type":"SearchAction","target":{"@type":"EntryPoint","urlTemplate":"https:\/\/cynthialeveneur.com\/?s={search_term_string}"},"query-input":{"@type":"PropertyValueSpecification","valueRequired":true,"valueName":"search_term_string"}}],"inLanguage":"fr-FR"},{"@type":["Person","Organization"],"@id":"https:\/\/cynthialeveneur.com\/#\/schema\/person\/2ef73bd530b005066323d2ce6896a716","name":"cynthialeveneur.com","image":{"@type":"ImageObject","inLanguage":"fr-FR","@id":"https:\/\/cynthialeveneur.com\/#\/schema\/person\/image\/","url":"https:\/\/cynthialeveneur.com\/wp-content\/uploads\/2024\/03\/CL-NEW-LOGO-12.png","contentUrl":"https:\/\/cynthialeveneur.com\/wp-content\/uploads\/2024\/03\/CL-NEW-LOGO-12.png","width":461,"height":223,"caption":"cynthialeveneur.com"},"logo":{"@id":"https:\/\/cynthialeveneur.com\/#\/schema\/person\/image\/"},"sameAs":["http:\/\/cynthialeveneur.com"]}]}},"_links":{"self":[{"href":"https:\/\/cynthialeveneur.com\/index.php\/wp-json\/wp\/v2\/pages\/2204","targetHints":{"allow":["GET"]}}],"collection":[{"href":"https:\/\/cynthialeveneur.com\/index.php\/wp-json\/wp\/v2\/pages"}],"about":[{"href":"https:\/\/cynthialeveneur.com\/index.php\/wp-json\/wp\/v2\/types\/page"}],"author":[{"embeddable":true,"href":"https:\/\/cynthialeveneur.com\/index.php\/wp-json\/wp\/v2\/users\/1"}],"replies":[{"embeddable":true,"href":"https:\/\/cynthialeveneur.com\/index.php\/wp-json\/wp\/v2\/comments?post=2204"}],"version-history":[{"count":3,"href":"https:\/\/cynthialeveneur.com\/index.php\/wp-json\/wp\/v2\/pages\/2204\/revisions"}],"predecessor-version":[{"id":3945,"href":"https:\/\/cynthialeveneur.com\/index.php\/wp-json\/wp\/v2\/pages\/2204\/revisions\/3945"}],"wp:attachment":[{"href":"https:\/\/cynthialeveneur.com\/index.php\/wp-json\/wp\/v2\/media?parent=2204"}],"curies":[{"name":"wp","href":"https:\/\/api.w.org\/{rel}","templated":true}]}}