{"id":2605,"date":"2024-04-19T15:43:14","date_gmt":"2024-04-19T13:43:14","guid":{"rendered":"https:\/\/cynthialeveneur.com\/?page_id=2605"},"modified":"2024-04-20T16:42:09","modified_gmt":"2024-04-20T14:42:09","slug":"affiches-realisations-cynthia-leveneur","status":"publish","type":"page","link":"https:\/\/cynthialeveneur.com\/index.php\/affiches-realisations-cynthia-leveneur\/","title":{"rendered":"R\u00e9alisations &#8211; Affiches"},"content":{"rendered":"\t\t<div data-elementor-type=\"wp-page\" data-elementor-id=\"2605\" class=\"elementor elementor-2605\">\n\t\t\t\t<div class=\"elementor-element elementor-element-6eb6e4b e-flex e-con-boxed wpr-particle-no wpr-jarallax-no wpr-parallax-no wpr-sticky-section-no e-con e-parent\" data-id=\"6eb6e4b\" data-element_type=\"container\" data-settings=\"{&quot;background_background&quot;:&quot;classic&quot;}\">\n\t\t\t\t\t<div class=\"e-con-inner\">\n\t\t<div class=\"elementor-element elementor-element-29cb073 e-flex e-con-boxed wpr-particle-no wpr-jarallax-no wpr-parallax-no wpr-sticky-section-no e-con e-child\" data-id=\"29cb073\" data-element_type=\"container\">\n\t\t\t\t\t<div class=\"e-con-inner\">\n\t\t\t\t<div class=\"elementor-element elementor-element-53efb9c elementor-widget elementor-widget-heading\" data-id=\"53efb9c\" data-element_type=\"widget\" data-widget_type=\"heading.default\">\n\t\t\t\t<div class=\"elementor-widget-container\">\n\t\t\t\t\t<h2 class=\"elementor-heading-title elementor-size-default\">R\u00c9ALISATIONS<\/h2>\t\t\t\t<\/div>\n\t\t\t\t<\/div>\n\t\t\t\t<div class=\"elementor-element elementor-element-413fa5e elementor-widget__width-inherit elementor-widget elementor-widget-heading\" data-id=\"413fa5e\" data-element_type=\"widget\" data-widget_type=\"heading.default\">\n\t\t\t\t<div class=\"elementor-widget-container\">\n\t\t\t\t\t<h2 class=\"elementor-heading-title elementor-size-default\">Affiches<\/h2>\t\t\t\t<\/div>\n\t\t\t\t<\/div>\n\t\t\t\t\t<\/div>\n\t\t\t\t<\/div>\n\t\t\t\t\t<\/div>\n\t\t\t\t<\/div>\n\t\t<div class=\"elementor-element elementor-element-c7801af e-flex e-con-boxed wpr-particle-no wpr-jarallax-no wpr-parallax-no wpr-sticky-section-no e-con e-parent\" data-id=\"c7801af\" data-element_type=\"container\">\n\t\t\t\t\t<div class=\"e-con-inner\">\n\t\t\t\t<div class=\"elementor-element elementor-element-e727f35 elementor-widget elementor-widget-spacer\" data-id=\"e727f35\" data-element_type=\"widget\" data-widget_type=\"spacer.default\">\n\t\t\t\t<div class=\"elementor-widget-container\">\n\t\t\t\t\t\t\t<div class=\"elementor-spacer\">\n\t\t\t<div class=\"elementor-spacer-inner\"><\/div>\n\t\t<\/div>\n\t\t\t\t\t\t<\/div>\n\t\t\t\t<\/div>\n\t\t\t\t<div class=\"elementor-element elementor-element-661bc1b wpr-pl-icon-top elementor-widget__width-inherit wpr-pl-badge-center elementor-widget elementor-widget-wpr-page-list\" data-id=\"661bc1b\" data-element_type=\"widget\" data-widget_type=\"wpr-page-list.default\">\n\t\t\t\t<div class=\"elementor-widget-container\">\n\t\t\t\t\t<div class=\"wpr-page-list-wrap\"><ul class=\"wpr-page-list\"><li class=\"wpr-page-list-item elementor-repeater-item-e7fbcaf wpr-pointer-none wpr-pointer-line-fx wpr-pointer-fx-fade\"><span class=\"wpr-page-list-item-icon\"><svg aria-hidden=\"true\" class=\"e-font-icon-svg e-far-eye\" viewBox=\"0 0 576 512\" xmlns=\"http:\/\/www.w3.org\/2000\/svg\"><path d=\"M288 144a110.94 110.94 0 0 0-31.24 5 55.4 55.4 0 0 1 7.24 27 56 56 0 0 1-56 56 55.4 55.4 0 0 1-27-7.24A111.71 111.71 0 1 0 288 144zm284.52 97.4C518.29 135.59 410.93 64 288 64S57.68 135.64 3.48 241.41a32.35 32.35 0 0 0 0 29.19C57.71 376.41 165.07 448 288 448s230.32-71.64 284.52-177.41a32.35 32.35 0 0 0 0-29.19zM288 400c-98.65 0-189.09-55-237.93-144C98.91 167 189.34 112 288 112s189.09 55 237.93 144C477.1 345 386.66 400 288 400z\"><\/path><\/svg><\/span><div><a  href=\"https:\/\/cynthialeveneur.com\/index.php\/cynthia-leveneur-realisations-illustration\/\" class=\"wpr-no-pointer wpr-pl-title\">Voir toutes les r\u00e9alisations<\/a><\/div><\/li><li class=\"wpr-page-list-item elementor-repeater-item-473bc98 wpr-pointer-none wpr-pointer-line-fx wpr-pointer-fx-fade\"><span class=\"wpr-page-list-item-icon\"><svg aria-hidden=\"true\" class=\"e-font-icon-svg e-fas-reply\" viewBox=\"0 0 512 512\" xmlns=\"http:\/\/www.w3.org\/2000\/svg\"><path d=\"M8.309 189.836L184.313 37.851C199.719 24.546 224 35.347 224 56.015v80.053c160.629 1.839 288 34.032 288 186.258 0 61.441-39.581 122.309-83.333 154.132-13.653 9.931-33.111-2.533-28.077-18.631 45.344-145.012-21.507-183.51-176.59-185.742V360c0 20.7-24.3 31.453-39.687 18.164l-176.004-152c-11.071-9.562-11.086-26.753 0-36.328z\"><\/path><\/svg><\/span><div><a  href=\"https:\/\/cynthialeveneur.com\/index.php\/cynthia-leveneur-graphisme-illustration\/\" class=\"wpr-no-pointer wpr-pl-title\">Mes services<\/a><\/div><\/li><\/ul><\/div>\t\t\t\t<\/div>\n\t\t\t\t<\/div>\n\t\t\t\t<div class=\"elementor-element elementor-element-f27543e elementor-widget elementor-widget-shortcode\" data-id=\"f27543e\" data-element_type=\"widget\" data-widget_type=\"shortcode.default\">\n\t\t\t\t<div class=\"elementor-widget-container\">\n\t\t\t\t\t\t\t<div class=\"elementor-shortcode\">\n<div class=\"vp-portfolio vp-uid-dc6befb2 vp-id-1041 \"\n\tdata-vp-layout=\"tiles\" data-vp-content-source=\"post-based\" data-vp-items-style=\"fade\" data-vp-items-click-action=\"url\" data-vp-items-gap=\"15\" data-vp-items-gap-vertical=\"\" data-vp-pagination=\"load-more\" data-vp-next-page-url=\"\" data-vp-tiles-type=\"3|1,1|\" >\n\t<div class=\"vp-portfolio__preloader-wrap\">\n\t\t<div class=\"vp-portfolio__preloader\">\n\t\t\t<img decoding=\"async\" loading=\"eager\" src=\"https:\/\/cynthialeveneur.com\/wp-content\/plugins\/visual-portfolio\/assets\/images\/logo-dark.svg\" alt=\"Visual Portfolio, Posts &amp; Image Gallery for WordPress\" width=\"20\" height=\"20\" data-skip-lazy>\n\t\t<\/div>\n\t<\/div>\n\t\t<div class=\"vp-portfolio__items-wrap\">\n\t\t\t\n<div class=\"vp-portfolio__items vp-portfolio__items-style-fade vp-portfolio__items-show-overlay-hover\">\n\n\t\t<article\t\tclass=\"vp-portfolio__item-wrap post-995 portfolio type-portfolio status-publish format-standard has-post-thumbnail hentry portfolio_category-affiches vp-portfolio__item-uid-14bdabf0\" data-vp-filter=\"affiches\" style=\"--vp-images__object-position: 50% 50%;\" \t\t>\n\t\t\t\t\t\t\t\t\t<figure class=\"vp-portfolio__item\">\n\t\t\t\t\n<div class=\"vp-portfolio__item-img-wrap\">\n\t<div class=\"vp-portfolio__item-img\">\n\t\t\t<a\n\t\thref=\"https:\/\/cynthialeveneur.com\/index.php\/portfolio\/les-quatre-accords-tolteques\/\"\n\t\t\t>\n\t\n\t\t<noscript><img fetchpriority=\"high\" decoding=\"async\" width=\"800\" height=\"1132\" data-skip-lazy src=\"https:\/\/cynthialeveneur.com\/wp-content\/uploads\/2024\/06\/illustration-affiches-accords-tolteques-decopositive-2-1.jpg\" class=\"wp-image-3763\" alt=\"Affiche de d\u00e9coration accords tolt\u00e8ques.\" srcset=\"https:\/\/cynthialeveneur.com\/wp-content\/uploads\/2024\/06\/illustration-affiches-accords-tolteques-decopositive-2-1.jpg 800w, https:\/\/cynthialeveneur.com\/wp-content\/uploads\/2024\/06\/illustration-affiches-accords-tolteques-decopositive-2-1-212x300.jpg 212w, https:\/\/cynthialeveneur.com\/wp-content\/uploads\/2024\/06\/illustration-affiches-accords-tolteques-decopositive-2-1-724x1024.jpg 724w, https:\/\/cynthialeveneur.com\/wp-content\/uploads\/2024\/06\/illustration-affiches-accords-tolteques-decopositive-2-1-768x1087.jpg 768w, https:\/\/cynthialeveneur.com\/wp-content\/uploads\/2024\/06\/illustration-affiches-accords-tolteques-decopositive-2-1-500x708.jpg 500w, https:\/\/cynthialeveneur.com\/wp-content\/uploads\/2024\/06\/illustration-affiches-accords-tolteques-decopositive-2-1-600x849.jpg 600w\" sizes=\"(max-width: 800px) 100vw, 800px\" \/><\/noscript><img decoding=\"async\" width=\"800\" height=\"1132\" src=\"https:\/\/cynthialeveneur.com\/wp-content\/uploads\/2024\/06\/illustration-affiches-accords-tolteques-decopositive-2-1.jpg\" class=\"wp-image-3763 vp-lazyload\" alt=\"Affiche de d\u00e9coration accords tolt\u00e8ques.\" srcset=\"data:image\/svg+xml;base64,PHN2ZyB3aWR0aD0iODAwIiBoZWlnaHQ9IjExMzIiIHZpZXdCb3g9IjAgMCA4MDAgMTEzMiIgZmlsbD0ibm9uZSIgeG1sbnM9Imh0dHA6Ly93d3cudzMub3JnLzIwMDAvc3ZnIj48L3N2Zz4=\" data-src=\"https:\/\/cynthialeveneur.com\/wp-content\/uploads\/2024\/06\/illustration-affiches-accords-tolteques-decopositive-2-1.jpg\" data-srcset=\"https:\/\/cynthialeveneur.com\/wp-content\/uploads\/2024\/06\/illustration-affiches-accords-tolteques-decopositive-2-1.jpg 800w, https:\/\/cynthialeveneur.com\/wp-content\/uploads\/2024\/06\/illustration-affiches-accords-tolteques-decopositive-2-1-212x300.jpg 212w, https:\/\/cynthialeveneur.com\/wp-content\/uploads\/2024\/06\/illustration-affiches-accords-tolteques-decopositive-2-1-724x1024.jpg 724w, https:\/\/cynthialeveneur.com\/wp-content\/uploads\/2024\/06\/illustration-affiches-accords-tolteques-decopositive-2-1-768x1087.jpg 768w, https:\/\/cynthialeveneur.com\/wp-content\/uploads\/2024\/06\/illustration-affiches-accords-tolteques-decopositive-2-1-500x708.jpg 500w, https:\/\/cynthialeveneur.com\/wp-content\/uploads\/2024\/06\/illustration-affiches-accords-tolteques-decopositive-2-1-600x849.jpg 600w\" data-sizes=\"auto\" loading=\"eager\">\n\t\t<\/a>\t<\/div>\n<\/div>\n\t<figcaption class=\"vp-portfolio__item-overlay vp-portfolio__item-overlay-text-align-center\">\n\t\t<div class=\"vp-portfolio__item-meta-wrap vp-portfolio__custom-scrollbar\">\n\t\t\t\t<a\n\t\thref=\"https:\/\/cynthialeveneur.com\/index.php\/portfolio\/les-quatre-accords-tolteques\/\"\n\t\ttabindex=\"-1\" class=\"vp-portfolio__item-meta\" \t>\n\t\n<div class=\"vp-portfolio__item-meta-categories\">\n\t\t\t<div class=\"vp-portfolio__item-meta-category\">\n\t\t\t\t<span\t\t\t>\n\tAffiches<\/span>\t\t<\/div>\n\t\t<\/div>\n\n<h2 class=\"vp-portfolio__item-meta-title\">\n\tLes quatre\u00a0accords tolt\u00e8ques<\/h2>\n<\/a>\t\t<\/div>\n\t<\/figcaption>\n\t\t\t<\/figure>\n\t\t\t\t\t<\/article>\n\t\t\n<\/div>\n\t\t<\/div>\n\t\t\t\t<div class=\"vp-portfolio__layout-elements vp-portfolio__layout-elements-bottom vp-portfolio__layout-elements-align-center\">\n\t\t\t\t<div class=\"vp-portfolio__pagination-wrap\">\n\t\t\n<div class=\"vp-pagination vp-pagination__no-more vp-pagination__style-minimal\" data-vp-pagination-type=\"load-more\">\n\t<div class=\"vp-pagination__item\">\n\t\t<a class=\"vp-pagination__load-more\" href=\"\">\n\t\t\t<span>Load More<\/span>\n\t\t\t<span class=\"vp-pagination__load-more-loading\"><span class=\"vp-spinner\"><\/span><span class=\"vp-screen-reader-text\"> Loading More...<\/span><\/span>\n\t\t\t<span class=\"vp-pagination__load-more-no-more\"><\/span>\n\t\t<\/a>\n\t<\/div>\n<\/div>\n\t\t<\/div>\n\t\t\t\t<\/div>\n\t\t\n<\/div>\n<\/div>\n\t\t\t\t\t\t<\/div>\n\t\t\t\t<\/div>\n\t\t\t\t\t<\/div>\n\t\t\t\t<\/div>\n\t\t\t\t<\/div>\n\t\t","protected":false},"excerpt":{"rendered":"<p>R\u00c9ALISATIONS Affiches Voir toutes les r\u00e9alisations Mes services<\/p>\n","protected":false},"author":1,"featured_media":0,"parent":0,"menu_order":30,"comment_status":"closed","ping_status":"closed","template":"","meta":{"_vp_format_video_url":"","_vp_image_focal_point":[],"footnotes":""},"class_list":["post-2605","page","type-page","status-publish","hentry"],"yoast_head":"<!-- This site is optimized with the Yoast SEO plugin v24.8.1 - https:\/\/yoast.com\/wordpress\/plugins\/seo\/ -->\n<title>Affiches - R\u00e9alisations - Cynthia Leveneur<\/title>\n<meta name=\"description\" content=\"D\u00e9couvrez mes r\u00e9alisations d&#039;affiches originales pour la communication d&#039;\u00e9v\u00e8nements et d&#039;entreprises ou encore pour d\u00e9coration d&#039;int\u00e9rieur.\" \/>\n<meta name=\"robots\" content=\"index, follow, max-snippet:-1, max-image-preview:large, max-video-preview:-1\" \/>\n<link rel=\"canonical\" href=\"https:\/\/cynthialeveneur.com\/index.php\/affiches-realisations-cynthia-leveneur\/\" \/>\n<meta property=\"og:locale\" content=\"fr_FR\" \/>\n<meta property=\"og:type\" content=\"article\" \/>\n<meta property=\"og:title\" content=\"Affiches - R\u00e9alisations - Cynthia Leveneur\" \/>\n<meta property=\"og:description\" content=\"D\u00e9couvrez mes r\u00e9alisations d&#039;affiches originales pour la communication d&#039;\u00e9v\u00e8nements et d&#039;entreprises ou encore pour d\u00e9coration d&#039;int\u00e9rieur.\" \/>\n<meta property=\"og:url\" content=\"https:\/\/cynthialeveneur.com\/index.php\/affiches-realisations-cynthia-leveneur\/\" \/>\n<meta property=\"og:site_name\" content=\"cynthialeveneur.com\" \/>\n<meta property=\"article:modified_time\" content=\"2024-04-20T14:42:09+00:00\" \/>\n<meta name=\"twitter:card\" content=\"summary_large_image\" \/>\n<meta name=\"twitter:label1\" content=\"Dur\u00e9e de lecture estim\u00e9e\" \/>\n\t<meta name=\"twitter:data1\" content=\"1 minute\" \/>\n<script type=\"application\/ld+json\" class=\"yoast-schema-graph\">{\"@context\":\"https:\/\/schema.org\",\"@graph\":[{\"@type\":\"WebPage\",\"@id\":\"https:\/\/cynthialeveneur.com\/index.php\/affiches-realisations-cynthia-leveneur\/\",\"url\":\"https:\/\/cynthialeveneur.com\/index.php\/affiches-realisations-cynthia-leveneur\/\",\"name\":\"Affiches - R\u00e9alisations - Cynthia Leveneur\",\"isPartOf\":{\"@id\":\"https:\/\/cynthialeveneur.com\/#website\"},\"datePublished\":\"2024-04-19T13:43:14+00:00\",\"dateModified\":\"2024-04-20T14:42:09+00:00\",\"description\":\"D\u00e9couvrez mes r\u00e9alisations d'affiches originales pour la communication d'\u00e9v\u00e8nements et d'entreprises ou encore pour d\u00e9coration d'int\u00e9rieur.\",\"breadcrumb\":{\"@id\":\"https:\/\/cynthialeveneur.com\/index.php\/affiches-realisations-cynthia-leveneur\/#breadcrumb\"},\"inLanguage\":\"fr-FR\",\"potentialAction\":[{\"@type\":\"ReadAction\",\"target\":[\"https:\/\/cynthialeveneur.com\/index.php\/affiches-realisations-cynthia-leveneur\/\"]}]},{\"@type\":\"BreadcrumbList\",\"@id\":\"https:\/\/cynthialeveneur.com\/index.php\/affiches-realisations-cynthia-leveneur\/#breadcrumb\",\"itemListElement\":[{\"@type\":\"ListItem\",\"position\":1,\"name\":\"Accueil\",\"item\":\"https:\/\/cynthialeveneur.com\/\"},{\"@type\":\"ListItem\",\"position\":2,\"name\":\"R\u00e9alisations &#8211; Affiches\"}]},{\"@type\":\"WebSite\",\"@id\":\"https:\/\/cynthialeveneur.com\/#website\",\"url\":\"https:\/\/cynthialeveneur.com\/\",\"name\":\"cynthialeveneur.com\",\"description\":\"\",\"publisher\":{\"@id\":\"https:\/\/cynthialeveneur.com\/#\/schema\/person\/2ef73bd530b005066323d2ce6896a716\"},\"potentialAction\":[{\"@type\":\"SearchAction\",\"target\":{\"@type\":\"EntryPoint\",\"urlTemplate\":\"https:\/\/cynthialeveneur.com\/?s={search_term_string}\"},\"query-input\":{\"@type\":\"PropertyValueSpecification\",\"valueRequired\":true,\"valueName\":\"search_term_string\"}}],\"inLanguage\":\"fr-FR\"},{\"@type\":[\"Person\",\"Organization\"],\"@id\":\"https:\/\/cynthialeveneur.com\/#\/schema\/person\/2ef73bd530b005066323d2ce6896a716\",\"name\":\"cynthialeveneur.com\",\"image\":{\"@type\":\"ImageObject\",\"inLanguage\":\"fr-FR\",\"@id\":\"https:\/\/cynthialeveneur.com\/#\/schema\/person\/image\/\",\"url\":\"https:\/\/cynthialeveneur.com\/wp-content\/uploads\/2024\/03\/CL-NEW-LOGO-12.png\",\"contentUrl\":\"https:\/\/cynthialeveneur.com\/wp-content\/uploads\/2024\/03\/CL-NEW-LOGO-12.png\",\"width\":461,\"height\":223,\"caption\":\"cynthialeveneur.com\"},\"logo\":{\"@id\":\"https:\/\/cynthialeveneur.com\/#\/schema\/person\/image\/\"},\"sameAs\":[\"http:\/\/cynthialeveneur.com\"]}]}<\/script>\n<!-- \/ Yoast SEO plugin. -->","yoast_head_json":{"title":"Affiches - R\u00e9alisations - Cynthia Leveneur","description":"D\u00e9couvrez mes r\u00e9alisations d'affiches originales pour la communication d'\u00e9v\u00e8nements et d'entreprises ou encore pour d\u00e9coration d'int\u00e9rieur.","robots":{"index":"index","follow":"follow","max-snippet":"max-snippet:-1","max-image-preview":"max-image-preview:large","max-video-preview":"max-video-preview:-1"},"canonical":"https:\/\/cynthialeveneur.com\/index.php\/affiches-realisations-cynthia-leveneur\/","og_locale":"fr_FR","og_type":"article","og_title":"Affiches - R\u00e9alisations - Cynthia Leveneur","og_description":"D\u00e9couvrez mes r\u00e9alisations d'affiches originales pour la communication d'\u00e9v\u00e8nements et d'entreprises ou encore pour d\u00e9coration d'int\u00e9rieur.","og_url":"https:\/\/cynthialeveneur.com\/index.php\/affiches-realisations-cynthia-leveneur\/","og_site_name":"cynthialeveneur.com","article_modified_time":"2024-04-20T14:42:09+00:00","twitter_card":"summary_large_image","twitter_misc":{"Dur\u00e9e de lecture estim\u00e9e":"1 minute"},"schema":{"@context":"https:\/\/schema.org","@graph":[{"@type":"WebPage","@id":"https:\/\/cynthialeveneur.com\/index.php\/affiches-realisations-cynthia-leveneur\/","url":"https:\/\/cynthialeveneur.com\/index.php\/affiches-realisations-cynthia-leveneur\/","name":"Affiches - R\u00e9alisations - Cynthia Leveneur","isPartOf":{"@id":"https:\/\/cynthialeveneur.com\/#website"},"datePublished":"2024-04-19T13:43:14+00:00","dateModified":"2024-04-20T14:42:09+00:00","description":"D\u00e9couvrez mes r\u00e9alisations d'affiches originales pour la communication d'\u00e9v\u00e8nements et d'entreprises ou encore pour d\u00e9coration d'int\u00e9rieur.","breadcrumb":{"@id":"https:\/\/cynthialeveneur.com\/index.php\/affiches-realisations-cynthia-leveneur\/#breadcrumb"},"inLanguage":"fr-FR","potentialAction":[{"@type":"ReadAction","target":["https:\/\/cynthialeveneur.com\/index.php\/affiches-realisations-cynthia-leveneur\/"]}]},{"@type":"BreadcrumbList","@id":"https:\/\/cynthialeveneur.com\/index.php\/affiches-realisations-cynthia-leveneur\/#breadcrumb","itemListElement":[{"@type":"ListItem","position":1,"name":"Accueil","item":"https:\/\/cynthialeveneur.com\/"},{"@type":"ListItem","position":2,"name":"R\u00e9alisations &#8211; Affiches"}]},{"@type":"WebSite","@id":"https:\/\/cynthialeveneur.com\/#website","url":"https:\/\/cynthialeveneur.com\/","name":"cynthialeveneur.com","description":"","publisher":{"@id":"https:\/\/cynthialeveneur.com\/#\/schema\/person\/2ef73bd530b005066323d2ce6896a716"},"potentialAction":[{"@type":"SearchAction","target":{"@type":"EntryPoint","urlTemplate":"https:\/\/cynthialeveneur.com\/?s={search_term_string}"},"query-input":{"@type":"PropertyValueSpecification","valueRequired":true,"valueName":"search_term_string"}}],"inLanguage":"fr-FR"},{"@type":["Person","Organization"],"@id":"https:\/\/cynthialeveneur.com\/#\/schema\/person\/2ef73bd530b005066323d2ce6896a716","name":"cynthialeveneur.com","image":{"@type":"ImageObject","inLanguage":"fr-FR","@id":"https:\/\/cynthialeveneur.com\/#\/schema\/person\/image\/","url":"https:\/\/cynthialeveneur.com\/wp-content\/uploads\/2024\/03\/CL-NEW-LOGO-12.png","contentUrl":"https:\/\/cynthialeveneur.com\/wp-content\/uploads\/2024\/03\/CL-NEW-LOGO-12.png","width":461,"height":223,"caption":"cynthialeveneur.com"},"logo":{"@id":"https:\/\/cynthialeveneur.com\/#\/schema\/person\/image\/"},"sameAs":["http:\/\/cynthialeveneur.com"]}]}},"_links":{"self":[{"href":"https:\/\/cynthialeveneur.com\/index.php\/wp-json\/wp\/v2\/pages\/2605","targetHints":{"allow":["GET"]}}],"collection":[{"href":"https:\/\/cynthialeveneur.com\/index.php\/wp-json\/wp\/v2\/pages"}],"about":[{"href":"https:\/\/cynthialeveneur.com\/index.php\/wp-json\/wp\/v2\/types\/page"}],"author":[{"embeddable":true,"href":"https:\/\/cynthialeveneur.com\/index.php\/wp-json\/wp\/v2\/users\/1"}],"replies":[{"embeddable":true,"href":"https:\/\/cynthialeveneur.com\/index.php\/wp-json\/wp\/v2\/comments?post=2605"}],"version-history":[{"count":46,"href":"https:\/\/cynthialeveneur.com\/index.php\/wp-json\/wp\/v2\/pages\/2605\/revisions"}],"predecessor-version":[{"id":2747,"href":"https:\/\/cynthialeveneur.com\/index.php\/wp-json\/wp\/v2\/pages\/2605\/revisions\/2747"}],"wp:attachment":[{"href":"https:\/\/cynthialeveneur.com\/index.php\/wp-json\/wp\/v2\/media?parent=2605"}],"curies":[{"name":"wp","href":"https:\/\/api.w.org\/{rel}","templated":true}]}}