{"id":99,"date":"2024-03-24T18:45:50","date_gmt":"2024-03-24T17:45:50","guid":{"rendered":"https:\/\/cynthialeveneur.com\/?page_id=99"},"modified":"2024-12-21T16:55:56","modified_gmt":"2024-12-21T15:55:56","slug":"cynthia-leveneur-creativite-originalite","status":"publish","type":"page","link":"https:\/\/cynthialeveneur.com\/index.php\/cynthia-leveneur-creativite-originalite\/","title":{"rendered":"\u00c0 propos"},"content":{"rendered":"\t\t<div data-elementor-type=\"wp-page\" data-elementor-id=\"99\" class=\"elementor elementor-99\">\n\t\t\t\t<div class=\"elementor-element elementor-element-952c1f4 e-con-full e-flex wpr-particle-no wpr-jarallax-no wpr-parallax-no wpr-sticky-section-no e-con e-parent\" data-id=\"952c1f4\" data-element_type=\"container\" data-settings=\"{&quot;background_background&quot;:&quot;classic&quot;}\">\n\t\t<div class=\"elementor-element elementor-element-94564ab e-con-full e-flex wpr-particle-no wpr-jarallax-no wpr-parallax-no wpr-sticky-section-no e-con e-child\" data-id=\"94564ab\" data-element_type=\"container\">\n\t\t\t\t<\/div>\n\t\t<div class=\"elementor-element elementor-element-86652e3 e-con-full e-flex wpr-particle-no wpr-jarallax-no wpr-parallax-no wpr-sticky-section-no e-con e-child\" data-id=\"86652e3\" data-element_type=\"container\">\n\t\t\t\t<div class=\"elementor-element elementor-element-28f2e0d elementor-widget elementor-widget-heading\" data-id=\"28f2e0d\" data-element_type=\"widget\" data-widget_type=\"heading.default\">\n\t\t\t\t<div class=\"elementor-widget-container\">\n\t\t\t\t\t<h1 class=\"elementor-heading-title elementor-size-default\">\u00c0 propos<\/h1>\t\t\t\t<\/div>\n\t\t\t\t<\/div>\n\t\t\t\t<div class=\"elementor-element elementor-element-f4ea741 elementor-widget elementor-widget-heading\" data-id=\"f4ea741\" data-element_type=\"widget\" data-widget_type=\"heading.default\">\n\t\t\t\t<div class=\"elementor-widget-container\">\n\t\t\t\t\t<h2 class=\"elementor-heading-title elementor-size-default\">GRAPHISTE & ILLUSTRATRICE<\/h2>\t\t\t\t<\/div>\n\t\t\t\t<\/div>\n\t\t\t\t<\/div>\n\t\t\t\t<\/div>\n\t\t<div class=\"elementor-element elementor-element-c63d925 e-flex e-con-boxed wpr-particle-no wpr-jarallax-no wpr-parallax-no wpr-sticky-section-no e-con e-parent\" data-id=\"c63d925\" data-element_type=\"container\">\n\t\t\t\t\t<div class=\"e-con-inner\">\n\t\t<div class=\"elementor-element elementor-element-a1872d6 e-con-full e-flex wpr-particle-no wpr-jarallax-no wpr-parallax-no wpr-sticky-section-no e-con e-child\" data-id=\"a1872d6\" data-element_type=\"container\">\n\t\t\t\t<div class=\"elementor-element elementor-element-437287e elementor-widget elementor-widget-image\" data-id=\"437287e\" data-element_type=\"widget\" data-widget_type=\"image.default\">\n\t\t\t\t<div class=\"elementor-widget-container\">\n\t\t\t\t\t\t\t\t\t\t\t\t\t\t\t<img fetchpriority=\"high\" decoding=\"async\" width=\"791\" height=\"1024\" src=\"https:\/\/cynthialeveneur.com\/wp-content\/uploads\/2024\/12\/Capture-decran-2024-09-05-a-16.04.12-791x1024.png\" class=\"attachment-large size-large wp-image-4331\" alt=\"\" srcset=\"https:\/\/cynthialeveneur.com\/wp-content\/uploads\/2024\/12\/Capture-decran-2024-09-05-a-16.04.12-791x1024.png 791w, https:\/\/cynthialeveneur.com\/wp-content\/uploads\/2024\/12\/Capture-decran-2024-09-05-a-16.04.12-232x300.png 232w, https:\/\/cynthialeveneur.com\/wp-content\/uploads\/2024\/12\/Capture-decran-2024-09-05-a-16.04.12-768x994.png 768w, https:\/\/cynthialeveneur.com\/wp-content\/uploads\/2024\/12\/Capture-decran-2024-09-05-a-16.04.12-500x647.png 500w, https:\/\/cynthialeveneur.com\/wp-content\/uploads\/2024\/12\/Capture-decran-2024-09-05-a-16.04.12-800x1035.png 800w, https:\/\/cynthialeveneur.com\/wp-content\/uploads\/2024\/12\/Capture-decran-2024-09-05-a-16.04.12-600x776.png 600w, https:\/\/cynthialeveneur.com\/wp-content\/uploads\/2024\/12\/Capture-decran-2024-09-05-a-16.04.12.png 960w\" sizes=\"(max-width: 791px) 100vw, 791px\" \/>\t\t\t\t\t\t\t\t\t\t\t\t\t\t\t<\/div>\n\t\t\t\t<\/div>\n\t\t\t\t<\/div>\n\t\t<div class=\"elementor-element elementor-element-ecf92c1 e-con-full e-flex wpr-particle-no wpr-jarallax-no wpr-parallax-no wpr-sticky-section-no e-con e-child\" data-id=\"ecf92c1\" data-element_type=\"container\">\n\t\t\t\t<div class=\"elementor-element elementor-element-91bf10b elementor-widget elementor-widget-heading\" data-id=\"91bf10b\" data-element_type=\"widget\" data-widget_type=\"heading.default\">\n\t\t\t\t<div class=\"elementor-widget-container\">\n\t\t\t\t\t<h3 class=\"elementor-heading-title elementor-size-default\">Qui suis-je ?<\/h3>\t\t\t\t<\/div>\n\t\t\t\t<\/div>\n\t\t\t\t<div class=\"elementor-element elementor-element-923223d elementor-widget elementor-widget-text-editor\" data-id=\"923223d\" data-element_type=\"widget\" data-widget_type=\"text-editor.default\">\n\t\t\t\t<div class=\"elementor-widget-container\">\n\t\t\t\t\t\t\t\t\t<p class=\"p1\">Graphiste de formation et Illustratrice de passion, je mets ma polyvalence et mes comp\u00e9tences \u00e0 votre service pour donner vie \u00e0 vos projets avec cr\u00e9ativit\u00e9 !<\/p><p class=\"p1\">Ma passion du dessin s\u2019est r\u00e9v\u00e9l\u00e9 \u00eatre un amour de l\u2019image que je mets en pratique pour traduire vos id\u00e9es avec des images uniques.<\/p><p class=\"p1\">Originaire de la Guadeloupe, mon univers onirique est empreint de la faune et de la flore tropicale o\u00f9 r\u00e8gne douceur et po\u00e9sie.<span class=\"Apple-converted-space\">\u00a0<\/span><\/p>\t\t\t\t\t\t\t\t<\/div>\n\t\t\t\t<\/div>\n\t\t\t\t<div class=\"elementor-element elementor-element-64ef50c elementor-align-center elementor-widget__width-inherit elementor-widget elementor-widget-button\" data-id=\"64ef50c\" data-element_type=\"widget\" data-widget_type=\"button.default\">\n\t\t\t\t<div class=\"elementor-widget-container\">\n\t\t\t\t\t\t\t\t\t<div class=\"elementor-button-wrapper\">\n\t\t\t\t\t<a class=\"elementor-button elementor-button-link elementor-size-sm\" href=\"https:\/\/cynthialeveneur.com\/index.php\/cynthia-leveneur-graphisme-illustration\/\">\n\t\t\t\t\t\t<span class=\"elementor-button-content-wrapper\">\n\t\t\t\t\t\t\t\t\t<span class=\"elementor-button-text\">Mes services<\/span>\n\t\t\t\t\t<\/span>\n\t\t\t\t\t<\/a>\n\t\t\t\t<\/div>\n\t\t\t\t\t\t\t\t<\/div>\n\t\t\t\t<\/div>\n\t\t\t\t<div class=\"elementor-element elementor-element-dc0f825 elementor-widget-divider--view-line elementor-widget elementor-widget-divider\" data-id=\"dc0f825\" data-element_type=\"widget\" data-widget_type=\"divider.default\">\n\t\t\t\t<div class=\"elementor-widget-container\">\n\t\t\t\t\t\t\t<div class=\"elementor-divider\">\n\t\t\t<span class=\"elementor-divider-separator\">\n\t\t\t\t\t\t<\/span>\n\t\t<\/div>\n\t\t\t\t\t\t<\/div>\n\t\t\t\t<\/div>\n\t\t\t\t<div class=\"elementor-element elementor-element-4d7421e elementor-invisible elementor-widget elementor-widget-text-editor\" data-id=\"4d7421e\" data-element_type=\"widget\" data-settings=\"{&quot;_animation&quot;:&quot;headShake&quot;,&quot;_animation_delay&quot;:0}\" data-widget_type=\"text-editor.default\">\n\t\t\t\t<div class=\"elementor-widget-container\">\n\t\t\t\t\t\t\t\t\t<p class=\"p1\">Retrouvez-moi sur les r\u00e9seaux sociaux !<\/p>\t\t\t\t\t\t\t\t<\/div>\n\t\t\t\t<\/div>\n\t\t<div class=\"elementor-element elementor-element-eb6fd66 e-con-full e-flex wpr-particle-no wpr-jarallax-no wpr-parallax-no wpr-sticky-section-no e-con e-child\" data-id=\"eb6fd66\" data-element_type=\"container\">\n\t\t\t\t<div class=\"elementor-element elementor-element-86498e2 elementor-shape-circle elementor-grid-0 e-grid-align-center elementor-widget elementor-widget-social-icons\" data-id=\"86498e2\" data-element_type=\"widget\" data-widget_type=\"social-icons.default\">\n\t\t\t\t<div class=\"elementor-widget-container\">\n\t\t\t\t\t\t\t<div class=\"elementor-social-icons-wrapper elementor-grid\">\n\t\t\t\t\t\t\t<span class=\"elementor-grid-item\">\n\t\t\t\t\t<a class=\"elementor-icon elementor-social-icon elementor-social-icon-instagram elementor-animation-float elementor-repeater-item-54982af\" href=\"https:\/\/www.instagram.com\/cynthia_leveneur\/\" target=\"_blank\">\n\t\t\t\t\t\t<span class=\"elementor-screen-only\">Instagram<\/span>\n\t\t\t\t\t\t<svg class=\"e-font-icon-svg e-fab-instagram\" viewBox=\"0 0 448 512\" xmlns=\"http:\/\/www.w3.org\/2000\/svg\"><path d=\"M224.1 141c-63.6 0-114.9 51.3-114.9 114.9s51.3 114.9 114.9 114.9S339 319.5 339 255.9 287.7 141 224.1 141zm0 189.6c-41.1 0-74.7-33.5-74.7-74.7s33.5-74.7 74.7-74.7 74.7 33.5 74.7 74.7-33.6 74.7-74.7 74.7zm146.4-194.3c0 14.9-12 26.8-26.8 26.8-14.9 0-26.8-12-26.8-26.8s12-26.8 26.8-26.8 26.8 12 26.8 26.8zm76.1 27.2c-1.7-35.9-9.9-67.7-36.2-93.9-26.2-26.2-58-34.4-93.9-36.2-37-2.1-147.9-2.1-184.9 0-35.8 1.7-67.6 9.9-93.9 36.1s-34.4 58-36.2 93.9c-2.1 37-2.1 147.9 0 184.9 1.7 35.9 9.9 67.7 36.2 93.9s58 34.4 93.9 36.2c37 2.1 147.9 2.1 184.9 0 35.9-1.7 67.7-9.9 93.9-36.2 26.2-26.2 34.4-58 36.2-93.9 2.1-37 2.1-147.8 0-184.8zM398.8 388c-7.8 19.6-22.9 34.7-42.6 42.6-29.5 11.7-99.5 9-132.1 9s-102.7 2.6-132.1-9c-19.6-7.8-34.7-22.9-42.6-42.6-11.7-29.5-9-99.5-9-132.1s-2.6-102.7 9-132.1c7.8-19.6 22.9-34.7 42.6-42.6 29.5-11.7 99.5-9 132.1-9s102.7-2.6 132.1 9c19.6 7.8 34.7 22.9 42.6 42.6 11.7 29.5 9 99.5 9 132.1s2.7 102.7-9 132.1z\"><\/path><\/svg>\t\t\t\t\t<\/a>\n\t\t\t\t<\/span>\n\t\t\t\t\t\t\t<span class=\"elementor-grid-item\">\n\t\t\t\t\t<a class=\"elementor-icon elementor-social-icon elementor-social-icon-tiktok elementor-animation-float elementor-repeater-item-6d14a5c\" href=\"https:\/\/www.tiktok.com\/@cynthialeveneur\" target=\"_blank\">\n\t\t\t\t\t\t<span class=\"elementor-screen-only\">Tiktok<\/span>\n\t\t\t\t\t\t<svg class=\"e-font-icon-svg e-fab-tiktok\" viewBox=\"0 0 448 512\" xmlns=\"http:\/\/www.w3.org\/2000\/svg\"><path d=\"M448,209.91a210.06,210.06,0,0,1-122.77-39.25V349.38A162.55,162.55,0,1,1,185,188.31V278.2a74.62,74.62,0,1,0,52.23,71.18V0l88,0a121.18,121.18,0,0,0,1.86,22.17h0A122.18,122.18,0,0,0,381,102.39a121.43,121.43,0,0,0,67,20.14Z\"><\/path><\/svg>\t\t\t\t\t<\/a>\n\t\t\t\t<\/span>\n\t\t\t\t\t\t\t<span class=\"elementor-grid-item\">\n\t\t\t\t\t<a class=\"elementor-icon elementor-social-icon elementor-social-icon-linkedin elementor-animation-float elementor-repeater-item-e51b3a2\" href=\"https:\/\/www.linkedin.com\/in\/cynthia-leveneur-graphiste-illustratrice\/\" target=\"_blank\">\n\t\t\t\t\t\t<span class=\"elementor-screen-only\">Linkedin<\/span>\n\t\t\t\t\t\t<svg class=\"e-font-icon-svg e-fab-linkedin\" viewBox=\"0 0 448 512\" xmlns=\"http:\/\/www.w3.org\/2000\/svg\"><path d=\"M416 32H31.9C14.3 32 0 46.5 0 64.3v383.4C0 465.5 14.3 480 31.9 480H416c17.6 0 32-14.5 32-32.3V64.3c0-17.8-14.4-32.3-32-32.3zM135.4 416H69V202.2h66.5V416zm-33.2-243c-21.3 0-38.5-17.3-38.5-38.5S80.9 96 102.2 96c21.2 0 38.5 17.3 38.5 38.5 0 21.3-17.2 38.5-38.5 38.5zm282.1 243h-66.4V312c0-24.8-.5-56.7-34.5-56.7-34.6 0-39.9 27-39.9 54.9V416h-66.4V202.2h63.7v29.2h.9c8.9-16.8 30.6-34.5 62.9-34.5 67.2 0 79.7 44.3 79.7 101.9V416z\"><\/path><\/svg>\t\t\t\t\t<\/a>\n\t\t\t\t<\/span>\n\t\t\t\t\t\t\t<span class=\"elementor-grid-item\">\n\t\t\t\t\t<a class=\"elementor-icon elementor-social-icon elementor-social-icon-pinterest elementor-animation-float elementor-repeater-item-91b976c\" href=\"https:\/\/www.pinterest.fr\/cleveneur\/\" target=\"_blank\">\n\t\t\t\t\t\t<span class=\"elementor-screen-only\">Pinterest<\/span>\n\t\t\t\t\t\t<svg class=\"e-font-icon-svg e-fab-pinterest\" viewBox=\"0 0 496 512\" xmlns=\"http:\/\/www.w3.org\/2000\/svg\"><path d=\"M496 256c0 137-111 248-248 248-25.6 0-50.2-3.9-73.4-11.1 10.1-16.5 25.2-43.5 30.8-65 3-11.6 15.4-59 15.4-59 8.1 15.4 31.7 28.5 56.8 28.5 74.8 0 128.7-68.8 128.7-154.3 0-81.9-66.9-143.2-152.9-143.2-107 0-163.9 71.8-163.9 150.1 0 36.4 19.4 81.7 50.3 96.1 4.7 2.2 7.2 1.2 8.3-3.3.8-3.4 5-20.3 6.9-28.1.6-2.5.3-4.7-1.7-7.1-10.1-12.5-18.3-35.3-18.3-56.6 0-54.7 41.4-107.6 112-107.6 60.9 0 103.6 41.5 103.6 100.9 0 67.1-33.9 113.6-78 113.6-24.3 0-42.6-20.1-36.7-44.8 7-29.5 20.5-61.3 20.5-82.6 0-19-10.2-34.9-31.4-34.9-24.9 0-44.9 25.7-44.9 60.2 0 22 7.4 36.8 7.4 36.8s-24.5 103.8-29 123.2c-5 21.4-3 51.6-.9 71.2C65.4 450.9 0 361.1 0 256 0 119 111 8 248 8s248 111 248 248z\"><\/path><\/svg>\t\t\t\t\t<\/a>\n\t\t\t\t<\/span>\n\t\t\t\t\t<\/div>\n\t\t\t\t\t\t<\/div>\n\t\t\t\t<\/div>\n\t\t\t\t<\/div>\n\t\t\t\t<\/div>\n\t\t\t\t\t<\/div>\n\t\t\t\t<\/div>\n\t\t<div class=\"elementor-element elementor-element-9e07024 e-con-full animated-slow e-flex wpr-particle-no wpr-jarallax-no wpr-parallax-no wpr-sticky-section-no e-con e-parent\" data-id=\"9e07024\" data-element_type=\"container\" data-settings=\"{&quot;background_background&quot;:&quot;classic&quot;,&quot;animation&quot;:&quot;none&quot;}\">\n\t\t<div class=\"elementor-element elementor-element-36e375c e-con-full animated-slow e-flex wpr-particle-no wpr-jarallax-no wpr-parallax-no wpr-sticky-section-no elementor-invisible e-con e-child\" data-id=\"36e375c\" data-element_type=\"container\" data-settings=\"{&quot;background_background&quot;:&quot;classic&quot;,&quot;animation&quot;:&quot;slideInUp&quot;}\">\n\t\t\t\t<div class=\"elementor-element elementor-element-1ae6196 elementor-widget__width-initial elementor-widget-tablet__width-initial elementor-widget-mobile__width-initial elementor-widget elementor-widget-image-box\" data-id=\"1ae6196\" data-element_type=\"widget\" data-widget_type=\"image-box.default\">\n\t\t\t\t<div class=\"elementor-widget-container\">\n\t\t\t\t\t<div class=\"elementor-image-box-wrapper\"><div class=\"elementor-image-box-content\"><h3 class=\"elementor-image-box-title\">Originalit\u00e9 & Cr\u00e9ativit\u00e9<\/h3><p class=\"elementor-image-box-description\">Ma touche graphique singuli\u00e8re et mes id\u00e9es cr\u00e9atives \u00e0 votre service.<\/p><\/div><\/div>\t\t\t\t<\/div>\n\t\t\t\t<\/div>\n\t\t\t\t<\/div>\n\t\t<div class=\"elementor-element elementor-element-2eda924 e-con-full animated-slow e-flex wpr-particle-no wpr-jarallax-no wpr-parallax-no wpr-sticky-section-no elementor-invisible e-con e-child\" data-id=\"2eda924\" data-element_type=\"container\" data-settings=\"{&quot;background_background&quot;:&quot;classic&quot;,&quot;animation&quot;:&quot;slideInUp&quot;,&quot;animation_delay&quot;:300}\">\n\t\t\t\t<div class=\"elementor-element elementor-element-2f6c8b3 elementor-widget__width-initial elementor-widget-tablet__width-initial elementor-widget-mobile__width-initial elementor-widget elementor-widget-image-box\" data-id=\"2f6c8b3\" data-element_type=\"widget\" data-widget_type=\"image-box.default\">\n\t\t\t\t<div class=\"elementor-widget-container\">\n\t\t\t\t\t<div class=\"elementor-image-box-wrapper\"><div class=\"elementor-image-box-content\"><h3 class=\"elementor-image-box-title\">Qualit\u00e9 & Professionnalisme\u200b<\/h3><p class=\"elementor-image-box-description\">Je m\u2019engage \u00e0 r\u00e9pondre \u00e0 vos attentes et \u00e0 vos besoins en vous garantissant un travail de qualit\u00e9.<\/p><\/div><\/div>\t\t\t\t<\/div>\n\t\t\t\t<\/div>\n\t\t\t\t<\/div>\n\t\t\t\t<\/div>\n\t\t\t\t<\/div>\n\t\t","protected":false},"excerpt":{"rendered":"<p>\u00c0 propos GRAPHISTE &amp; ILLUSTRATRICE Qui suis-je ? Graphiste de formation et Illustratrice de passion, je mets ma polyvalence et mes comp\u00e9tences \u00e0 votre service pour donner vie \u00e0 vos projets avec cr\u00e9ativit\u00e9 ! Ma passion du dessin s\u2019est r\u00e9v\u00e9l\u00e9 \u00eatre un amour de l\u2019image que je mets en pratique pour traduire vos id\u00e9es avec des images uniques. Originaire de la Guadeloupe, mon univers onirique est empreint de la faune et de la flore tropicale o\u00f9 r\u00e8gne douceur et po\u00e9sie.\u00a0 Mes services Retrouvez-moi sur les r\u00e9seaux sociaux ! Instagram Tiktok Linkedin Pinterest Originalit\u00e9 &#038; Cr\u00e9ativit\u00e9 Ma touche graphique singuli\u00e8re et mes id\u00e9es cr\u00e9atives \u00e0 votre service. Qualit\u00e9 &#038; Professionnalisme\u200b Je m\u2019engage \u00e0 r\u00e9pondre \u00e0 vos attentes et \u00e0 vos besoins en vous garantissant un travail de qualit\u00e9.<\/p>\n","protected":false},"author":1,"featured_media":0,"parent":0,"menu_order":1,"comment_status":"closed","ping_status":"closed","template":"","meta":{"_vp_format_video_url":"","_vp_image_focal_point":[],"footnotes":""},"class_list":["post-99","page","type-page","status-publish","hentry"],"yoast_head":"<!-- This site is optimized with the Yoast SEO plugin v24.8.1 - https:\/\/yoast.com\/wordpress\/plugins\/seo\/ -->\n<title>Cr\u00e9ativit\u00e9 - Cynthia Leveneur<\/title>\n<meta name=\"description\" content=\"Graphiste de formation et Illustratrice de passion, je donne vie \u00e0 vos projets avec cr\u00e9ativit\u00e9 et originalit\u00e9 !\" \/>\n<meta name=\"robots\" content=\"index, follow, max-snippet:-1, max-image-preview:large, max-video-preview:-1\" \/>\n<link rel=\"canonical\" href=\"https:\/\/cynthialeveneur.com\/index.php\/cynthia-leveneur-creativite-originalite\/\" \/>\n<meta property=\"og:locale\" content=\"fr_FR\" \/>\n<meta property=\"og:type\" content=\"article\" \/>\n<meta property=\"og:title\" content=\"Cr\u00e9ativit\u00e9 - Cynthia Leveneur\" \/>\n<meta property=\"og:description\" content=\"Graphiste de formation et Illustratrice de passion, je donne vie \u00e0 vos projets avec cr\u00e9ativit\u00e9 et originalit\u00e9 !\" \/>\n<meta property=\"og:url\" content=\"https:\/\/cynthialeveneur.com\/index.php\/cynthia-leveneur-creativite-originalite\/\" \/>\n<meta property=\"og:site_name\" content=\"cynthialeveneur.com\" \/>\n<meta property=\"article:modified_time\" content=\"2024-12-21T15:55:56+00:00\" \/>\n<meta property=\"og:image\" content=\"https:\/\/cynthialeveneur.com\/wp-content\/uploads\/2024\/12\/Capture-decran-2024-09-05-a-16.04.12.png\" \/>\n\t<meta property=\"og:image:width\" content=\"960\" \/>\n\t<meta property=\"og:image:height\" content=\"1242\" \/>\n\t<meta property=\"og:image:type\" content=\"image\/png\" \/>\n<meta name=\"twitter:card\" content=\"summary_large_image\" \/>\n<meta name=\"twitter:label1\" content=\"Dur\u00e9e de lecture estim\u00e9e\" \/>\n\t<meta name=\"twitter:data1\" content=\"1 minute\" \/>\n<script type=\"application\/ld+json\" class=\"yoast-schema-graph\">{\"@context\":\"https:\/\/schema.org\",\"@graph\":[{\"@type\":\"WebPage\",\"@id\":\"https:\/\/cynthialeveneur.com\/index.php\/cynthia-leveneur-creativite-originalite\/\",\"url\":\"https:\/\/cynthialeveneur.com\/index.php\/cynthia-leveneur-creativite-originalite\/\",\"name\":\"Cr\u00e9ativit\u00e9 - Cynthia Leveneur\",\"isPartOf\":{\"@id\":\"https:\/\/cynthialeveneur.com\/#website\"},\"primaryImageOfPage\":{\"@id\":\"https:\/\/cynthialeveneur.com\/index.php\/cynthia-leveneur-creativite-originalite\/#primaryimage\"},\"image\":{\"@id\":\"https:\/\/cynthialeveneur.com\/index.php\/cynthia-leveneur-creativite-originalite\/#primaryimage\"},\"thumbnailUrl\":\"https:\/\/cynthialeveneur.com\/wp-content\/uploads\/2024\/12\/Capture-decran-2024-09-05-a-16.04.12-791x1024.png\",\"datePublished\":\"2024-03-24T17:45:50+00:00\",\"dateModified\":\"2024-12-21T15:55:56+00:00\",\"description\":\"Graphiste de formation et Illustratrice de passion, je donne vie \u00e0 vos projets avec cr\u00e9ativit\u00e9 et originalit\u00e9 !\",\"breadcrumb\":{\"@id\":\"https:\/\/cynthialeveneur.com\/index.php\/cynthia-leveneur-creativite-originalite\/#breadcrumb\"},\"inLanguage\":\"fr-FR\",\"potentialAction\":[{\"@type\":\"ReadAction\",\"target\":[\"https:\/\/cynthialeveneur.com\/index.php\/cynthia-leveneur-creativite-originalite\/\"]}]},{\"@type\":\"ImageObject\",\"inLanguage\":\"fr-FR\",\"@id\":\"https:\/\/cynthialeveneur.com\/index.php\/cynthia-leveneur-creativite-originalite\/#primaryimage\",\"url\":\"https:\/\/cynthialeveneur.com\/wp-content\/uploads\/2024\/12\/Capture-decran-2024-09-05-a-16.04.12.png\",\"contentUrl\":\"https:\/\/cynthialeveneur.com\/wp-content\/uploads\/2024\/12\/Capture-decran-2024-09-05-a-16.04.12.png\",\"width\":960,\"height\":1242},{\"@type\":\"BreadcrumbList\",\"@id\":\"https:\/\/cynthialeveneur.com\/index.php\/cynthia-leveneur-creativite-originalite\/#breadcrumb\",\"itemListElement\":[{\"@type\":\"ListItem\",\"position\":1,\"name\":\"Accueil\",\"item\":\"https:\/\/cynthialeveneur.com\/\"},{\"@type\":\"ListItem\",\"position\":2,\"name\":\"\u00c0 propos\"}]},{\"@type\":\"WebSite\",\"@id\":\"https:\/\/cynthialeveneur.com\/#website\",\"url\":\"https:\/\/cynthialeveneur.com\/\",\"name\":\"cynthialeveneur.com\",\"description\":\"\",\"publisher\":{\"@id\":\"https:\/\/cynthialeveneur.com\/#\/schema\/person\/2ef73bd530b005066323d2ce6896a716\"},\"potentialAction\":[{\"@type\":\"SearchAction\",\"target\":{\"@type\":\"EntryPoint\",\"urlTemplate\":\"https:\/\/cynthialeveneur.com\/?s={search_term_string}\"},\"query-input\":{\"@type\":\"PropertyValueSpecification\",\"valueRequired\":true,\"valueName\":\"search_term_string\"}}],\"inLanguage\":\"fr-FR\"},{\"@type\":[\"Person\",\"Organization\"],\"@id\":\"https:\/\/cynthialeveneur.com\/#\/schema\/person\/2ef73bd530b005066323d2ce6896a716\",\"name\":\"cynthialeveneur.com\",\"image\":{\"@type\":\"ImageObject\",\"inLanguage\":\"fr-FR\",\"@id\":\"https:\/\/cynthialeveneur.com\/#\/schema\/person\/image\/\",\"url\":\"https:\/\/cynthialeveneur.com\/wp-content\/uploads\/2024\/03\/CL-NEW-LOGO-12.png\",\"contentUrl\":\"https:\/\/cynthialeveneur.com\/wp-content\/uploads\/2024\/03\/CL-NEW-LOGO-12.png\",\"width\":461,\"height\":223,\"caption\":\"cynthialeveneur.com\"},\"logo\":{\"@id\":\"https:\/\/cynthialeveneur.com\/#\/schema\/person\/image\/\"},\"sameAs\":[\"http:\/\/cynthialeveneur.com\"]}]}<\/script>\n<!-- \/ Yoast SEO plugin. -->","yoast_head_json":{"title":"Cr\u00e9ativit\u00e9 - Cynthia Leveneur","description":"Graphiste de formation et Illustratrice de passion, je donne vie \u00e0 vos projets avec cr\u00e9ativit\u00e9 et originalit\u00e9 !","robots":{"index":"index","follow":"follow","max-snippet":"max-snippet:-1","max-image-preview":"max-image-preview:large","max-video-preview":"max-video-preview:-1"},"canonical":"https:\/\/cynthialeveneur.com\/index.php\/cynthia-leveneur-creativite-originalite\/","og_locale":"fr_FR","og_type":"article","og_title":"Cr\u00e9ativit\u00e9 - Cynthia Leveneur","og_description":"Graphiste de formation et Illustratrice de passion, je donne vie \u00e0 vos projets avec cr\u00e9ativit\u00e9 et originalit\u00e9 !","og_url":"https:\/\/cynthialeveneur.com\/index.php\/cynthia-leveneur-creativite-originalite\/","og_site_name":"cynthialeveneur.com","article_modified_time":"2024-12-21T15:55:56+00:00","og_image":[{"width":960,"height":1242,"url":"https:\/\/cynthialeveneur.com\/wp-content\/uploads\/2024\/12\/Capture-decran-2024-09-05-a-16.04.12.png","type":"image\/png"}],"twitter_card":"summary_large_image","twitter_misc":{"Dur\u00e9e de lecture estim\u00e9e":"1 minute"},"schema":{"@context":"https:\/\/schema.org","@graph":[{"@type":"WebPage","@id":"https:\/\/cynthialeveneur.com\/index.php\/cynthia-leveneur-creativite-originalite\/","url":"https:\/\/cynthialeveneur.com\/index.php\/cynthia-leveneur-creativite-originalite\/","name":"Cr\u00e9ativit\u00e9 - Cynthia Leveneur","isPartOf":{"@id":"https:\/\/cynthialeveneur.com\/#website"},"primaryImageOfPage":{"@id":"https:\/\/cynthialeveneur.com\/index.php\/cynthia-leveneur-creativite-originalite\/#primaryimage"},"image":{"@id":"https:\/\/cynthialeveneur.com\/index.php\/cynthia-leveneur-creativite-originalite\/#primaryimage"},"thumbnailUrl":"https:\/\/cynthialeveneur.com\/wp-content\/uploads\/2024\/12\/Capture-decran-2024-09-05-a-16.04.12-791x1024.png","datePublished":"2024-03-24T17:45:50+00:00","dateModified":"2024-12-21T15:55:56+00:00","description":"Graphiste de formation et Illustratrice de passion, je donne vie \u00e0 vos projets avec cr\u00e9ativit\u00e9 et originalit\u00e9 !","breadcrumb":{"@id":"https:\/\/cynthialeveneur.com\/index.php\/cynthia-leveneur-creativite-originalite\/#breadcrumb"},"inLanguage":"fr-FR","potentialAction":[{"@type":"ReadAction","target":["https:\/\/cynthialeveneur.com\/index.php\/cynthia-leveneur-creativite-originalite\/"]}]},{"@type":"ImageObject","inLanguage":"fr-FR","@id":"https:\/\/cynthialeveneur.com\/index.php\/cynthia-leveneur-creativite-originalite\/#primaryimage","url":"https:\/\/cynthialeveneur.com\/wp-content\/uploads\/2024\/12\/Capture-decran-2024-09-05-a-16.04.12.png","contentUrl":"https:\/\/cynthialeveneur.com\/wp-content\/uploads\/2024\/12\/Capture-decran-2024-09-05-a-16.04.12.png","width":960,"height":1242},{"@type":"BreadcrumbList","@id":"https:\/\/cynthialeveneur.com\/index.php\/cynthia-leveneur-creativite-originalite\/#breadcrumb","itemListElement":[{"@type":"ListItem","position":1,"name":"Accueil","item":"https:\/\/cynthialeveneur.com\/"},{"@type":"ListItem","position":2,"name":"\u00c0 propos"}]},{"@type":"WebSite","@id":"https:\/\/cynthialeveneur.com\/#website","url":"https:\/\/cynthialeveneur.com\/","name":"cynthialeveneur.com","description":"","publisher":{"@id":"https:\/\/cynthialeveneur.com\/#\/schema\/person\/2ef73bd530b005066323d2ce6896a716"},"potentialAction":[{"@type":"SearchAction","target":{"@type":"EntryPoint","urlTemplate":"https:\/\/cynthialeveneur.com\/?s={search_term_string}"},"query-input":{"@type":"PropertyValueSpecification","valueRequired":true,"valueName":"search_term_string"}}],"inLanguage":"fr-FR"},{"@type":["Person","Organization"],"@id":"https:\/\/cynthialeveneur.com\/#\/schema\/person\/2ef73bd530b005066323d2ce6896a716","name":"cynthialeveneur.com","image":{"@type":"ImageObject","inLanguage":"fr-FR","@id":"https:\/\/cynthialeveneur.com\/#\/schema\/person\/image\/","url":"https:\/\/cynthialeveneur.com\/wp-content\/uploads\/2024\/03\/CL-NEW-LOGO-12.png","contentUrl":"https:\/\/cynthialeveneur.com\/wp-content\/uploads\/2024\/03\/CL-NEW-LOGO-12.png","width":461,"height":223,"caption":"cynthialeveneur.com"},"logo":{"@id":"https:\/\/cynthialeveneur.com\/#\/schema\/person\/image\/"},"sameAs":["http:\/\/cynthialeveneur.com"]}]}},"_links":{"self":[{"href":"https:\/\/cynthialeveneur.com\/index.php\/wp-json\/wp\/v2\/pages\/99","targetHints":{"allow":["GET"]}}],"collection":[{"href":"https:\/\/cynthialeveneur.com\/index.php\/wp-json\/wp\/v2\/pages"}],"about":[{"href":"https:\/\/cynthialeveneur.com\/index.php\/wp-json\/wp\/v2\/types\/page"}],"author":[{"embeddable":true,"href":"https:\/\/cynthialeveneur.com\/index.php\/wp-json\/wp\/v2\/users\/1"}],"replies":[{"embeddable":true,"href":"https:\/\/cynthialeveneur.com\/index.php\/wp-json\/wp\/v2\/comments?post=99"}],"version-history":[{"count":519,"href":"https:\/\/cynthialeveneur.com\/index.php\/wp-json\/wp\/v2\/pages\/99\/revisions"}],"predecessor-version":[{"id":4347,"href":"https:\/\/cynthialeveneur.com\/index.php\/wp-json\/wp\/v2\/pages\/99\/revisions\/4347"}],"wp:attachment":[{"href":"https:\/\/cynthialeveneur.com\/index.php\/wp-json\/wp\/v2\/media?parent=99"}],"curies":[{"name":"wp","href":"https:\/\/api.w.org\/{rel}","templated":true}]}}