{"id":1149,"date":"2024-04-15T11:38:50","date_gmt":"2024-04-15T09:38:50","guid":{"rendered":"https:\/\/cynthialeveneur.com\/?post_type=product&#038;p=1149"},"modified":"2025-01-30T23:12:59","modified_gmt":"2025-01-30T22:12:59","slug":"affiche-decoration-wild-harmony-girafes-2","status":"publish","type":"product","link":"https:\/\/cynthialeveneur.com\/index.php\/produit\/affiche-decoration-wild-harmony-girafes-2\/","title":{"rendered":"Wild Harmony &#8211; Z\u00e8bres"},"content":{"rendered":"","protected":false},"excerpt":{"rendered":"<p class=\"p1\">Affiche d\u00e9corative \u00ab\u00a0Z\u00e8bres\u00a0\u00bb, de la collection Wild Harmony.<\/p>\n<p>Affiche \u00e0 encadrer (cadre non fourni).<\/p>\n<p class=\"p1\">Format 30&#215;30 cm : Papier satin\u00e9 200g.<br \/>\nFormat 40&#215;40 cm : Papier mat 180g.<\/p>\n","protected":false},"featured_media":1163,"template":"","meta":{"_vp_format_video_url":"","_vp_image_focal_point":[]},"product_brand":[],"product_cat":[26],"product_tag":[30],"class_list":{"0":"post-1149","1":"product","2":"type-product","3":"status-publish","4":"has-post-thumbnail","6":"product_cat-affiches","7":"product_tag-wild-harmony","9":"first","10":"instock","11":"shipping-taxable","12":"purchasable","13":"product-type-variable"},"yoast_head":"<!-- This site is optimized with the Yoast SEO plugin v24.8.1 - https:\/\/yoast.com\/wordpress\/plugins\/seo\/ -->\n<title>Affiche d\u00e9coration - Z\u00e8bres Wild Harmony - Cynthia Leveneur<\/title>\n<meta name=\"description\" content=\"D\u00e9corer vos murs avec les affiches de la collection d&#039;illustrations Wild Harmony, amoureux de la nature ou passionn\u00e9 de d\u00e9coration d&#039;int\u00e9rieur, les illustrations Wild Harmony sont faites pour vous !\" \/>\n<meta name=\"robots\" content=\"index, follow, max-snippet:-1, max-image-preview:large, max-video-preview:-1\" \/>\n<link rel=\"canonical\" href=\"https:\/\/cynthialeveneur.com\/index.php\/produit\/affiche-decoration-wild-harmony-girafes-2\/\" \/>\n<meta property=\"og:locale\" content=\"fr_FR\" \/>\n<meta property=\"og:type\" content=\"article\" \/>\n<meta property=\"og:title\" content=\"Affiche d\u00e9coration - Z\u00e8bres Wild Harmony - Cynthia Leveneur\" \/>\n<meta property=\"og:description\" content=\"D\u00e9corer vos murs avec les affiches de la collection d&#039;illustrations Wild Harmony, amoureux de la nature ou passionn\u00e9 de d\u00e9coration d&#039;int\u00e9rieur, les illustrations Wild Harmony sont faites pour vous !\" \/>\n<meta property=\"og:url\" content=\"https:\/\/cynthialeveneur.com\/index.php\/produit\/affiche-decoration-wild-harmony-girafes-2\/\" \/>\n<meta property=\"og:site_name\" content=\"cynthialeveneur.com\" \/>\n<meta property=\"article:modified_time\" content=\"2025-01-30T22:12:59+00:00\" \/>\n<meta property=\"og:image\" content=\"https:\/\/cynthialeveneur.com\/wp-content\/uploads\/2024\/04\/cadre-wild-harmony-zebres.jpg\" \/>\n\t<meta property=\"og:image:width\" content=\"1200\" \/>\n\t<meta property=\"og:image:height\" content=\"1200\" \/>\n\t<meta property=\"og:image:type\" content=\"image\/jpeg\" \/>\n<meta name=\"twitter:card\" content=\"summary_large_image\" \/>\n<meta name=\"twitter:label1\" content=\"Dur\u00e9e de lecture estim\u00e9e\" \/>\n\t<meta name=\"twitter:data1\" content=\"1 minute\" \/>\n<script type=\"application\/ld+json\" class=\"yoast-schema-graph\">{\"@context\":\"https:\/\/schema.org\",\"@graph\":[{\"@type\":\"WebPage\",\"@id\":\"https:\/\/cynthialeveneur.com\/index.php\/produit\/affiche-decoration-wild-harmony-girafes-2\/\",\"url\":\"https:\/\/cynthialeveneur.com\/index.php\/produit\/affiche-decoration-wild-harmony-girafes-2\/\",\"name\":\"Affiche d\u00e9coration - Z\u00e8bres Wild Harmony - Cynthia Leveneur\",\"isPartOf\":{\"@id\":\"https:\/\/cynthialeveneur.com\/#website\"},\"primaryImageOfPage\":{\"@id\":\"https:\/\/cynthialeveneur.com\/index.php\/produit\/affiche-decoration-wild-harmony-girafes-2\/#primaryimage\"},\"image\":{\"@id\":\"https:\/\/cynthialeveneur.com\/index.php\/produit\/affiche-decoration-wild-harmony-girafes-2\/#primaryimage\"},\"thumbnailUrl\":\"https:\/\/cynthialeveneur.com\/wp-content\/uploads\/2024\/04\/cadre-wild-harmony-zebres.jpg\",\"datePublished\":\"2024-04-15T09:38:50+00:00\",\"dateModified\":\"2025-01-30T22:12:59+00:00\",\"description\":\"D\u00e9corer vos murs avec les affiches de la collection d'illustrations Wild Harmony, amoureux de la nature ou passionn\u00e9 de d\u00e9coration d'int\u00e9rieur, les illustrations Wild Harmony sont faites pour vous !\",\"breadcrumb\":{\"@id\":\"https:\/\/cynthialeveneur.com\/index.php\/produit\/affiche-decoration-wild-harmony-girafes-2\/#breadcrumb\"},\"inLanguage\":\"fr-FR\",\"potentialAction\":[{\"@type\":\"ReadAction\",\"target\":[\"https:\/\/cynthialeveneur.com\/index.php\/produit\/affiche-decoration-wild-harmony-girafes-2\/\"]}]},{\"@type\":\"ImageObject\",\"inLanguage\":\"fr-FR\",\"@id\":\"https:\/\/cynthialeveneur.com\/index.php\/produit\/affiche-decoration-wild-harmony-girafes-2\/#primaryimage\",\"url\":\"https:\/\/cynthialeveneur.com\/wp-content\/uploads\/2024\/04\/cadre-wild-harmony-zebres.jpg\",\"contentUrl\":\"https:\/\/cynthialeveneur.com\/wp-content\/uploads\/2024\/04\/cadre-wild-harmony-zebres.jpg\",\"width\":1200,\"height\":1200,\"caption\":\"Affiche illustr\u00e9e de deux z\u00e8bres \u00e0 vendre. Collection wild harmony.\"},{\"@type\":\"BreadcrumbList\",\"@id\":\"https:\/\/cynthialeveneur.com\/index.php\/produit\/affiche-decoration-wild-harmony-girafes-2\/#breadcrumb\",\"itemListElement\":[{\"@type\":\"ListItem\",\"position\":1,\"name\":\"Accueil\",\"item\":\"https:\/\/cynthialeveneur.com\/\"},{\"@type\":\"ListItem\",\"position\":2,\"name\":\"Boutique\",\"item\":\"https:\/\/cynthialeveneur.com\/index.php\/boutique-illustrations\/\"},{\"@type\":\"ListItem\",\"position\":3,\"name\":\"Wild Harmony &#8211; Z\u00e8bres\"}]},{\"@type\":\"WebSite\",\"@id\":\"https:\/\/cynthialeveneur.com\/#website\",\"url\":\"https:\/\/cynthialeveneur.com\/\",\"name\":\"cynthialeveneur.com\",\"description\":\"\",\"publisher\":{\"@id\":\"https:\/\/cynthialeveneur.com\/#\/schema\/person\/2ef73bd530b005066323d2ce6896a716\"},\"potentialAction\":[{\"@type\":\"SearchAction\",\"target\":{\"@type\":\"EntryPoint\",\"urlTemplate\":\"https:\/\/cynthialeveneur.com\/?s={search_term_string}\"},\"query-input\":{\"@type\":\"PropertyValueSpecification\",\"valueRequired\":true,\"valueName\":\"search_term_string\"}}],\"inLanguage\":\"fr-FR\"},{\"@type\":[\"Person\",\"Organization\"],\"@id\":\"https:\/\/cynthialeveneur.com\/#\/schema\/person\/2ef73bd530b005066323d2ce6896a716\",\"name\":\"cynthialeveneur.com\",\"image\":{\"@type\":\"ImageObject\",\"inLanguage\":\"fr-FR\",\"@id\":\"https:\/\/cynthialeveneur.com\/#\/schema\/person\/image\/\",\"url\":\"https:\/\/cynthialeveneur.com\/wp-content\/uploads\/2024\/03\/CL-NEW-LOGO-12.png\",\"contentUrl\":\"https:\/\/cynthialeveneur.com\/wp-content\/uploads\/2024\/03\/CL-NEW-LOGO-12.png\",\"width\":461,\"height\":223,\"caption\":\"cynthialeveneur.com\"},\"logo\":{\"@id\":\"https:\/\/cynthialeveneur.com\/#\/schema\/person\/image\/\"},\"sameAs\":[\"http:\/\/cynthialeveneur.com\"]}]}<\/script>\n<!-- \/ Yoast SEO plugin. -->","yoast_head_json":{"title":"Affiche d\u00e9coration - Z\u00e8bres Wild Harmony - Cynthia Leveneur","description":"D\u00e9corer vos murs avec les affiches de la collection d'illustrations Wild Harmony, amoureux de la nature ou passionn\u00e9 de d\u00e9coration d'int\u00e9rieur, les illustrations Wild Harmony sont faites pour vous !","robots":{"index":"index","follow":"follow","max-snippet":"max-snippet:-1","max-image-preview":"max-image-preview:large","max-video-preview":"max-video-preview:-1"},"canonical":"https:\/\/cynthialeveneur.com\/index.php\/produit\/affiche-decoration-wild-harmony-girafes-2\/","og_locale":"fr_FR","og_type":"article","og_title":"Affiche d\u00e9coration - Z\u00e8bres Wild Harmony - Cynthia Leveneur","og_description":"D\u00e9corer vos murs avec les affiches de la collection d'illustrations Wild Harmony, amoureux de la nature ou passionn\u00e9 de d\u00e9coration d'int\u00e9rieur, les illustrations Wild Harmony sont faites pour vous !","og_url":"https:\/\/cynthialeveneur.com\/index.php\/produit\/affiche-decoration-wild-harmony-girafes-2\/","og_site_name":"cynthialeveneur.com","article_modified_time":"2025-01-30T22:12:59+00:00","og_image":[{"width":1200,"height":1200,"url":"https:\/\/cynthialeveneur.com\/wp-content\/uploads\/2024\/04\/cadre-wild-harmony-zebres.jpg","type":"image\/jpeg"}],"twitter_card":"summary_large_image","twitter_misc":{"Dur\u00e9e de lecture estim\u00e9e":"1 minute"},"schema":{"@context":"https:\/\/schema.org","@graph":[{"@type":"WebPage","@id":"https:\/\/cynthialeveneur.com\/index.php\/produit\/affiche-decoration-wild-harmony-girafes-2\/","url":"https:\/\/cynthialeveneur.com\/index.php\/produit\/affiche-decoration-wild-harmony-girafes-2\/","name":"Affiche d\u00e9coration - Z\u00e8bres Wild Harmony - Cynthia Leveneur","isPartOf":{"@id":"https:\/\/cynthialeveneur.com\/#website"},"primaryImageOfPage":{"@id":"https:\/\/cynthialeveneur.com\/index.php\/produit\/affiche-decoration-wild-harmony-girafes-2\/#primaryimage"},"image":{"@id":"https:\/\/cynthialeveneur.com\/index.php\/produit\/affiche-decoration-wild-harmony-girafes-2\/#primaryimage"},"thumbnailUrl":"https:\/\/cynthialeveneur.com\/wp-content\/uploads\/2024\/04\/cadre-wild-harmony-zebres.jpg","datePublished":"2024-04-15T09:38:50+00:00","dateModified":"2025-01-30T22:12:59+00:00","description":"D\u00e9corer vos murs avec les affiches de la collection d'illustrations Wild Harmony, amoureux de la nature ou passionn\u00e9 de d\u00e9coration d'int\u00e9rieur, les illustrations Wild Harmony sont faites pour vous !","breadcrumb":{"@id":"https:\/\/cynthialeveneur.com\/index.php\/produit\/affiche-decoration-wild-harmony-girafes-2\/#breadcrumb"},"inLanguage":"fr-FR","potentialAction":[{"@type":"ReadAction","target":["https:\/\/cynthialeveneur.com\/index.php\/produit\/affiche-decoration-wild-harmony-girafes-2\/"]}]},{"@type":"ImageObject","inLanguage":"fr-FR","@id":"https:\/\/cynthialeveneur.com\/index.php\/produit\/affiche-decoration-wild-harmony-girafes-2\/#primaryimage","url":"https:\/\/cynthialeveneur.com\/wp-content\/uploads\/2024\/04\/cadre-wild-harmony-zebres.jpg","contentUrl":"https:\/\/cynthialeveneur.com\/wp-content\/uploads\/2024\/04\/cadre-wild-harmony-zebres.jpg","width":1200,"height":1200,"caption":"Affiche illustr\u00e9e de deux z\u00e8bres \u00e0 vendre. Collection wild harmony."},{"@type":"BreadcrumbList","@id":"https:\/\/cynthialeveneur.com\/index.php\/produit\/affiche-decoration-wild-harmony-girafes-2\/#breadcrumb","itemListElement":[{"@type":"ListItem","position":1,"name":"Accueil","item":"https:\/\/cynthialeveneur.com\/"},{"@type":"ListItem","position":2,"name":"Boutique","item":"https:\/\/cynthialeveneur.com\/index.php\/boutique-illustrations\/"},{"@type":"ListItem","position":3,"name":"Wild Harmony &#8211; Z\u00e8bres"}]},{"@type":"WebSite","@id":"https:\/\/cynthialeveneur.com\/#website","url":"https:\/\/cynthialeveneur.com\/","name":"cynthialeveneur.com","description":"","publisher":{"@id":"https:\/\/cynthialeveneur.com\/#\/schema\/person\/2ef73bd530b005066323d2ce6896a716"},"potentialAction":[{"@type":"SearchAction","target":{"@type":"EntryPoint","urlTemplate":"https:\/\/cynthialeveneur.com\/?s={search_term_string}"},"query-input":{"@type":"PropertyValueSpecification","valueRequired":true,"valueName":"search_term_string"}}],"inLanguage":"fr-FR"},{"@type":["Person","Organization"],"@id":"https:\/\/cynthialeveneur.com\/#\/schema\/person\/2ef73bd530b005066323d2ce6896a716","name":"cynthialeveneur.com","image":{"@type":"ImageObject","inLanguage":"fr-FR","@id":"https:\/\/cynthialeveneur.com\/#\/schema\/person\/image\/","url":"https:\/\/cynthialeveneur.com\/wp-content\/uploads\/2024\/03\/CL-NEW-LOGO-12.png","contentUrl":"https:\/\/cynthialeveneur.com\/wp-content\/uploads\/2024\/03\/CL-NEW-LOGO-12.png","width":461,"height":223,"caption":"cynthialeveneur.com"},"logo":{"@id":"https:\/\/cynthialeveneur.com\/#\/schema\/person\/image\/"},"sameAs":["http:\/\/cynthialeveneur.com"]}]}},"_links":{"self":[{"href":"https:\/\/cynthialeveneur.com\/index.php\/wp-json\/wp\/v2\/product\/1149","targetHints":{"allow":["GET"]}}],"collection":[{"href":"https:\/\/cynthialeveneur.com\/index.php\/wp-json\/wp\/v2\/product"}],"about":[{"href":"https:\/\/cynthialeveneur.com\/index.php\/wp-json\/wp\/v2\/types\/product"}],"version-history":[{"count":8,"href":"https:\/\/cynthialeveneur.com\/index.php\/wp-json\/wp\/v2\/product\/1149\/revisions"}],"predecessor-version":[{"id":4481,"href":"https:\/\/cynthialeveneur.com\/index.php\/wp-json\/wp\/v2\/product\/1149\/revisions\/4481"}],"wp:featuredmedia":[{"embeddable":true,"href":"https:\/\/cynthialeveneur.com\/index.php\/wp-json\/wp\/v2\/media\/1163"}],"wp:attachment":[{"href":"https:\/\/cynthialeveneur.com\/index.php\/wp-json\/wp\/v2\/media?parent=1149"}],"wp:term":[{"taxonomy":"product_brand","embeddable":true,"href":"https:\/\/cynthialeveneur.com\/index.php\/wp-json\/wp\/v2\/product_brand?post=1149"},{"taxonomy":"product_cat","embeddable":true,"href":"https:\/\/cynthialeveneur.com\/index.php\/wp-json\/wp\/v2\/product_cat?post=1149"},{"taxonomy":"product_tag","embeddable":true,"href":"https:\/\/cynthialeveneur.com\/index.php\/wp-json\/wp\/v2\/product_tag?post=1149"}],"curies":[{"name":"wp","href":"https:\/\/api.w.org\/{rel}","templated":true}]}}