{"id":4025,"date":"2024-12-19T16:42:18","date_gmt":"2024-12-19T15:42:18","guid":{"rendered":"https:\/\/cynthialeveneur.com\/?post_type=product&#038;p=4025"},"modified":"2025-02-02T17:22:48","modified_gmt":"2025-02-02T16:22:48","slug":"portrait-personnalise","status":"publish","type":"product","link":"https:\/\/cynthialeveneur.com\/index.php\/produit\/portrait-personnalise\/","title":{"rendered":"Portrait personnalis\u00e9 complexe &#8211; 1 \u00e0 6 personnages"},"content":{"rendered":"","protected":false},"excerpt":{"rendered":"<p class=\"p1\">Pour un portrait personnalis\u00e9 encore plus original et unique, je vous propose d&rsquo;ajouter des \u00e9l\u00e9ments (faune et\/ou flore) de votre choix : plantes, fleurs, fruits, animal totem&#8230;<\/p>\n<p>&nbsp;<\/p>\n<p class=\"p1\">Des \u00e9l\u00e9ments qui peuvent repr\u00e9senter une symbolique, une histoire, une passion, un souvenir ou tout simplement vos go\u00fbts. Tout ce qu\u2019il faut pour un portrait qui vous ressemble vraiment.<\/p>\n<p>&nbsp;<\/p>\n<p class=\"p1\">Portrait individuel, en couple, en famille, entre amis, ou m\u00eame avec vos animaux de compagnie, tout est possible !<\/p>\n<p>&nbsp;<\/p>\n<p class=\"p1\"><b>IMPORTANT : Merci d\u2019envoyer la ou les photos mod\u00e8les par mail \u00e0 l\u2019adresse cy.leveneur@gmail.com apr\u00e8s avoir pass\u00e9 votre commande.<\/b><\/p>\n","protected":false},"featured_media":4401,"template":"","meta":{"_vp_format_video_url":"","_vp_image_focal_point":[]},"product_brand":[],"product_cat":[40],"product_tag":[],"class_list":{"0":"post-4025","1":"product","2":"type-product","3":"status-publish","4":"has-post-thumbnail","6":"product_cat-portrait-personnalise","8":"first","9":"instock","10":"shipping-taxable","11":"purchasable","12":"product-type-variable"},"yoast_head":"<!-- This site is optimized with the Yoast SEO plugin v24.8.1 - https:\/\/yoast.com\/wordpress\/plugins\/seo\/ -->\n<title>Portrait personnalis\u00e9 complexe - 1 \u00e0 6 personnages<\/title>\n<meta name=\"description\" content=\"Pour un portrait personnalis\u00e9 encore plus original et unique, je vous propose d\u2019ajouter des \u00e9l\u00e9ments (faune et\/ou flore) de votre choix.\" \/>\n<meta name=\"robots\" content=\"index, follow, max-snippet:-1, max-image-preview:large, max-video-preview:-1\" \/>\n<link rel=\"canonical\" href=\"https:\/\/cynthialeveneur.com\/index.php\/produit\/portrait-personnalise\/\" \/>\n<meta property=\"og:locale\" content=\"fr_FR\" \/>\n<meta property=\"og:type\" content=\"article\" \/>\n<meta property=\"og:title\" content=\"Portrait personnalis\u00e9 complexe - 1 \u00e0 6 personnages\" \/>\n<meta property=\"og:description\" content=\"Pour un portrait personnalis\u00e9 encore plus original et unique, je vous propose d\u2019ajouter des \u00e9l\u00e9ments (faune et\/ou flore) de votre choix.\" \/>\n<meta property=\"og:url\" content=\"https:\/\/cynthialeveneur.com\/index.php\/produit\/portrait-personnalise\/\" \/>\n<meta property=\"og:site_name\" content=\"cynthialeveneur.com\" \/>\n<meta property=\"article:modified_time\" content=\"2025-02-02T16:22:48+00:00\" \/>\n<meta property=\"og:image\" content=\"https:\/\/cynthialeveneur.com\/wp-content\/uploads\/2024\/12\/mockup-portrait-complexe-scaled.jpg\" \/>\n\t<meta property=\"og:image:width\" content=\"2560\" \/>\n\t<meta property=\"og:image:height\" content=\"2560\" \/>\n\t<meta property=\"og:image:type\" content=\"image\/jpeg\" \/>\n<meta name=\"twitter:card\" content=\"summary_large_image\" \/>\n<meta name=\"twitter:label1\" content=\"Dur\u00e9e de lecture estim\u00e9e\" \/>\n\t<meta name=\"twitter:data1\" content=\"1 minute\" \/>\n<script type=\"application\/ld+json\" class=\"yoast-schema-graph\">{\"@context\":\"https:\/\/schema.org\",\"@graph\":[{\"@type\":\"WebPage\",\"@id\":\"https:\/\/cynthialeveneur.com\/index.php\/produit\/portrait-personnalise\/\",\"url\":\"https:\/\/cynthialeveneur.com\/index.php\/produit\/portrait-personnalise\/\",\"name\":\"Portrait personnalis\u00e9 complexe - 1 \u00e0 6 personnages\",\"isPartOf\":{\"@id\":\"https:\/\/cynthialeveneur.com\/#website\"},\"primaryImageOfPage\":{\"@id\":\"https:\/\/cynthialeveneur.com\/index.php\/produit\/portrait-personnalise\/#primaryimage\"},\"image\":{\"@id\":\"https:\/\/cynthialeveneur.com\/index.php\/produit\/portrait-personnalise\/#primaryimage\"},\"thumbnailUrl\":\"https:\/\/cynthialeveneur.com\/wp-content\/uploads\/2024\/12\/mockup-portrait-complexe-scaled.jpg\",\"datePublished\":\"2024-12-19T15:42:18+00:00\",\"dateModified\":\"2025-02-02T16:22:48+00:00\",\"description\":\"Pour un portrait personnalis\u00e9 encore plus original et unique, je vous propose d\u2019ajouter des \u00e9l\u00e9ments (faune et\/ou flore) de votre choix.\",\"breadcrumb\":{\"@id\":\"https:\/\/cynthialeveneur.com\/index.php\/produit\/portrait-personnalise\/#breadcrumb\"},\"inLanguage\":\"fr-FR\",\"potentialAction\":[{\"@type\":\"ReadAction\",\"target\":[\"https:\/\/cynthialeveneur.com\/index.php\/produit\/portrait-personnalise\/\"]}]},{\"@type\":\"ImageObject\",\"inLanguage\":\"fr-FR\",\"@id\":\"https:\/\/cynthialeveneur.com\/index.php\/produit\/portrait-personnalise\/#primaryimage\",\"url\":\"https:\/\/cynthialeveneur.com\/wp-content\/uploads\/2024\/12\/mockup-portrait-complexe-scaled.jpg\",\"contentUrl\":\"https:\/\/cynthialeveneur.com\/wp-content\/uploads\/2024\/12\/mockup-portrait-complexe-scaled.jpg\",\"width\":2560,\"height\":2560,\"caption\":\"Portrait personnalis\u00e9 avec fleurs et animal\"},{\"@type\":\"BreadcrumbList\",\"@id\":\"https:\/\/cynthialeveneur.com\/index.php\/produit\/portrait-personnalise\/#breadcrumb\",\"itemListElement\":[{\"@type\":\"ListItem\",\"position\":1,\"name\":\"Accueil\",\"item\":\"https:\/\/cynthialeveneur.com\/\"},{\"@type\":\"ListItem\",\"position\":2,\"name\":\"Boutique\",\"item\":\"https:\/\/cynthialeveneur.com\/index.php\/boutique-illustrations\/\"},{\"@type\":\"ListItem\",\"position\":3,\"name\":\"Portrait personnalis\u00e9 complexe &#8211; 1 \u00e0 6 personnages\"}]},{\"@type\":\"WebSite\",\"@id\":\"https:\/\/cynthialeveneur.com\/#website\",\"url\":\"https:\/\/cynthialeveneur.com\/\",\"name\":\"cynthialeveneur.com\",\"description\":\"\",\"publisher\":{\"@id\":\"https:\/\/cynthialeveneur.com\/#\/schema\/person\/2ef73bd530b005066323d2ce6896a716\"},\"potentialAction\":[{\"@type\":\"SearchAction\",\"target\":{\"@type\":\"EntryPoint\",\"urlTemplate\":\"https:\/\/cynthialeveneur.com\/?s={search_term_string}\"},\"query-input\":{\"@type\":\"PropertyValueSpecification\",\"valueRequired\":true,\"valueName\":\"search_term_string\"}}],\"inLanguage\":\"fr-FR\"},{\"@type\":[\"Person\",\"Organization\"],\"@id\":\"https:\/\/cynthialeveneur.com\/#\/schema\/person\/2ef73bd530b005066323d2ce6896a716\",\"name\":\"cynthialeveneur.com\",\"image\":{\"@type\":\"ImageObject\",\"inLanguage\":\"fr-FR\",\"@id\":\"https:\/\/cynthialeveneur.com\/#\/schema\/person\/image\/\",\"url\":\"https:\/\/cynthialeveneur.com\/wp-content\/uploads\/2024\/03\/CL-NEW-LOGO-12.png\",\"contentUrl\":\"https:\/\/cynthialeveneur.com\/wp-content\/uploads\/2024\/03\/CL-NEW-LOGO-12.png\",\"width\":461,\"height\":223,\"caption\":\"cynthialeveneur.com\"},\"logo\":{\"@id\":\"https:\/\/cynthialeveneur.com\/#\/schema\/person\/image\/\"},\"sameAs\":[\"http:\/\/cynthialeveneur.com\"]}]}<\/script>\n<!-- \/ Yoast SEO plugin. -->","yoast_head_json":{"title":"Portrait personnalis\u00e9 complexe - 1 \u00e0 6 personnages","description":"Pour un portrait personnalis\u00e9 encore plus original et unique, je vous propose d\u2019ajouter des \u00e9l\u00e9ments (faune et\/ou flore) de votre choix.","robots":{"index":"index","follow":"follow","max-snippet":"max-snippet:-1","max-image-preview":"max-image-preview:large","max-video-preview":"max-video-preview:-1"},"canonical":"https:\/\/cynthialeveneur.com\/index.php\/produit\/portrait-personnalise\/","og_locale":"fr_FR","og_type":"article","og_title":"Portrait personnalis\u00e9 complexe - 1 \u00e0 6 personnages","og_description":"Pour un portrait personnalis\u00e9 encore plus original et unique, je vous propose d\u2019ajouter des \u00e9l\u00e9ments (faune et\/ou flore) de votre choix.","og_url":"https:\/\/cynthialeveneur.com\/index.php\/produit\/portrait-personnalise\/","og_site_name":"cynthialeveneur.com","article_modified_time":"2025-02-02T16:22:48+00:00","og_image":[{"width":2560,"height":2560,"url":"https:\/\/cynthialeveneur.com\/wp-content\/uploads\/2024\/12\/mockup-portrait-complexe-scaled.jpg","type":"image\/jpeg"}],"twitter_card":"summary_large_image","twitter_misc":{"Dur\u00e9e de lecture estim\u00e9e":"1 minute"},"schema":{"@context":"https:\/\/schema.org","@graph":[{"@type":"WebPage","@id":"https:\/\/cynthialeveneur.com\/index.php\/produit\/portrait-personnalise\/","url":"https:\/\/cynthialeveneur.com\/index.php\/produit\/portrait-personnalise\/","name":"Portrait personnalis\u00e9 complexe - 1 \u00e0 6 personnages","isPartOf":{"@id":"https:\/\/cynthialeveneur.com\/#website"},"primaryImageOfPage":{"@id":"https:\/\/cynthialeveneur.com\/index.php\/produit\/portrait-personnalise\/#primaryimage"},"image":{"@id":"https:\/\/cynthialeveneur.com\/index.php\/produit\/portrait-personnalise\/#primaryimage"},"thumbnailUrl":"https:\/\/cynthialeveneur.com\/wp-content\/uploads\/2024\/12\/mockup-portrait-complexe-scaled.jpg","datePublished":"2024-12-19T15:42:18+00:00","dateModified":"2025-02-02T16:22:48+00:00","description":"Pour un portrait personnalis\u00e9 encore plus original et unique, je vous propose d\u2019ajouter des \u00e9l\u00e9ments (faune et\/ou flore) de votre choix.","breadcrumb":{"@id":"https:\/\/cynthialeveneur.com\/index.php\/produit\/portrait-personnalise\/#breadcrumb"},"inLanguage":"fr-FR","potentialAction":[{"@type":"ReadAction","target":["https:\/\/cynthialeveneur.com\/index.php\/produit\/portrait-personnalise\/"]}]},{"@type":"ImageObject","inLanguage":"fr-FR","@id":"https:\/\/cynthialeveneur.com\/index.php\/produit\/portrait-personnalise\/#primaryimage","url":"https:\/\/cynthialeveneur.com\/wp-content\/uploads\/2024\/12\/mockup-portrait-complexe-scaled.jpg","contentUrl":"https:\/\/cynthialeveneur.com\/wp-content\/uploads\/2024\/12\/mockup-portrait-complexe-scaled.jpg","width":2560,"height":2560,"caption":"Portrait personnalis\u00e9 avec fleurs et animal"},{"@type":"BreadcrumbList","@id":"https:\/\/cynthialeveneur.com\/index.php\/produit\/portrait-personnalise\/#breadcrumb","itemListElement":[{"@type":"ListItem","position":1,"name":"Accueil","item":"https:\/\/cynthialeveneur.com\/"},{"@type":"ListItem","position":2,"name":"Boutique","item":"https:\/\/cynthialeveneur.com\/index.php\/boutique-illustrations\/"},{"@type":"ListItem","position":3,"name":"Portrait personnalis\u00e9 complexe &#8211; 1 \u00e0 6 personnages"}]},{"@type":"WebSite","@id":"https:\/\/cynthialeveneur.com\/#website","url":"https:\/\/cynthialeveneur.com\/","name":"cynthialeveneur.com","description":"","publisher":{"@id":"https:\/\/cynthialeveneur.com\/#\/schema\/person\/2ef73bd530b005066323d2ce6896a716"},"potentialAction":[{"@type":"SearchAction","target":{"@type":"EntryPoint","urlTemplate":"https:\/\/cynthialeveneur.com\/?s={search_term_string}"},"query-input":{"@type":"PropertyValueSpecification","valueRequired":true,"valueName":"search_term_string"}}],"inLanguage":"fr-FR"},{"@type":["Person","Organization"],"@id":"https:\/\/cynthialeveneur.com\/#\/schema\/person\/2ef73bd530b005066323d2ce6896a716","name":"cynthialeveneur.com","image":{"@type":"ImageObject","inLanguage":"fr-FR","@id":"https:\/\/cynthialeveneur.com\/#\/schema\/person\/image\/","url":"https:\/\/cynthialeveneur.com\/wp-content\/uploads\/2024\/03\/CL-NEW-LOGO-12.png","contentUrl":"https:\/\/cynthialeveneur.com\/wp-content\/uploads\/2024\/03\/CL-NEW-LOGO-12.png","width":461,"height":223,"caption":"cynthialeveneur.com"},"logo":{"@id":"https:\/\/cynthialeveneur.com\/#\/schema\/person\/image\/"},"sameAs":["http:\/\/cynthialeveneur.com"]}]}},"_links":{"self":[{"href":"https:\/\/cynthialeveneur.com\/index.php\/wp-json\/wp\/v2\/product\/4025","targetHints":{"allow":["GET"]}}],"collection":[{"href":"https:\/\/cynthialeveneur.com\/index.php\/wp-json\/wp\/v2\/product"}],"about":[{"href":"https:\/\/cynthialeveneur.com\/index.php\/wp-json\/wp\/v2\/types\/product"}],"version-history":[{"count":24,"href":"https:\/\/cynthialeveneur.com\/index.php\/wp-json\/wp\/v2\/product\/4025\/revisions"}],"predecessor-version":[{"id":4379,"href":"https:\/\/cynthialeveneur.com\/index.php\/wp-json\/wp\/v2\/product\/4025\/revisions\/4379"}],"wp:featuredmedia":[{"embeddable":true,"href":"https:\/\/cynthialeveneur.com\/index.php\/wp-json\/wp\/v2\/media\/4401"}],"wp:attachment":[{"href":"https:\/\/cynthialeveneur.com\/index.php\/wp-json\/wp\/v2\/media?parent=4025"}],"wp:term":[{"taxonomy":"product_brand","embeddable":true,"href":"https:\/\/cynthialeveneur.com\/index.php\/wp-json\/wp\/v2\/product_brand?post=4025"},{"taxonomy":"product_cat","embeddable":true,"href":"https:\/\/cynthialeveneur.com\/index.php\/wp-json\/wp\/v2\/product_cat?post=4025"},{"taxonomy":"product_tag","embeddable":true,"href":"https:\/\/cynthialeveneur.com\/index.php\/wp-json\/wp\/v2\/product_tag?post=4025"}],"curies":[{"name":"wp","href":"https:\/\/api.w.org\/{rel}","templated":true}]}}